{"id":14225,"date":"2022-08-09T11:36:46","date_gmt":"2022-08-09T11:36:46","guid":{"rendered":"https:\/\/evebegalli.com\/?post_type=product&#038;p=14225"},"modified":"2022-08-09T12:04:15","modified_gmt":"2022-08-09T12:04:15","slug":"ewe-statuette-togo-ghana-3","status":"publish","type":"product","link":"https:\/\/evebegalli.com\/en\/product\/ewe-statuette-togo-ghana-3\/","title":{"rendered":"Ewe statuette, Togo\/Ghana"},"content":{"rendered":"","protected":false},"excerpt":{"rendered":"<p>Ancienne statuette f\u00e9minine Venavi Ewe. Belle expression du visage. Les volumes sont arrondis et compacts. Les bras dot\u00e9s de mains digit\u00e9es sont \u00e9cart\u00e9s du buste. La coiffe est asym\u00e9trique. Le cou est annel\u00e9. Belle patine mielleuse, la surface est douce r\u00e9sultant des nombreuses manipulations rituelles. Quelques traces de libations sont pr\u00e9sentes, manques aux pieds.<\/p>\n<p><strong>Origin<\/strong><br \/>\nEx private collection from the south of France.<\/p>","protected":false},"featured_media":14240,"template":"","meta":{"_exactmetrics_skip_tracking":false,"_exactmetrics_sitenote_active":false,"_exactmetrics_sitenote_note":"","_exactmetrics_sitenote_category":0,"neve_meta_sidebar":"","neve_meta_container":"","neve_meta_enable_content_width":"on","neve_meta_content_width":100,"neve_meta_title_alignment":"","neve_meta_author_avatar":"","neve_post_elements_order":"","neve_meta_disable_header":"","neve_meta_disable_footer":"","neve_meta_disable_title":"","_themeisle_gutenberg_block_has_review":false},"product_brand":[],"product_cat":[27],"product_tag":[],"class_list":{"0":"post-14225","1":"product","2":"type-product","3":"status-publish","4":"has-post-thumbnail","6":"product_cat-statues","7":"pa_dimensions-h-28cm","8":"pa_epoque-circa-1950","9":"pa_ethnie-ewe","10":"pa_materiaux-bois","11":"pa_pays-ghana","12":"pa_pays-togo","14":"first","15":"instock","16":"sold-individually","17":"taxable","18":"shipping-taxable","19":"purchasable","20":"product-type-simple","21":"add-to-wishlist-before_image"},"_links":{"self":[{"href":"https:\/\/evebegalli.com\/en\/wp-json\/wp\/v2\/product\/14225","targetHints":{"allow":["GET"]}}],"collection":[{"href":"https:\/\/evebegalli.com\/en\/wp-json\/wp\/v2\/product"}],"about":[{"href":"https:\/\/evebegalli.com\/en\/wp-json\/wp\/v2\/types\/product"}],"version-history":[{"count":0,"href":"https:\/\/evebegalli.com\/en\/wp-json\/wp\/v2\/product\/14225\/revisions"}],"wp:featuredmedia":[{"embeddable":true,"href":"https:\/\/evebegalli.com\/en\/wp-json\/wp\/v2\/media\/14240"}],"wp:attachment":[{"href":"https:\/\/evebegalli.com\/en\/wp-json\/wp\/v2\/media?parent=14225"}],"wp:term":[{"taxonomy":"product_brand","embeddable":true,"href":"https:\/\/evebegalli.com\/en\/wp-json\/wp\/v2\/product_brand?post=14225"},{"taxonomy":"product_cat","embeddable":true,"href":"https:\/\/evebegalli.com\/en\/wp-json\/wp\/v2\/product_cat?post=14225"},{"taxonomy":"product_tag","embeddable":true,"href":"https:\/\/evebegalli.com\/en\/wp-json\/wp\/v2\/product_tag?post=14225"}],"curies":[{"name":"wp","href":"https:\/\/api.w.org\/{rel}","templated":true}]}}