{"id":14201,"date":"2022-08-08T09:49:42","date_gmt":"2022-08-08T09:49:42","guid":{"rendered":"https:\/\/evebegalli.com\/?post_type=product&#038;p=14201"},"modified":"2022-08-08T13:07:43","modified_gmt":"2022-08-08T13:07:43","slug":"gouro-masque-zaouli-avec-tete-doiseau-cote-divoire","status":"publish","type":"product","link":"https:\/\/evebegalli.com\/en\/product\/gouro-masque-zaouli-avec-tete-doiseau-cote-divoire\/","title":{"rendered":"Gouro, Masque Zaouli avec t\u00eate d&rsquo;oiseau, C\u00f4te d&rsquo;Ivoire"},"content":{"rendered":"","protected":false},"excerpt":{"rendered":"<p>Beau masque Gouro en bois sculpt\u00e9 au visage peint en vert et coiffe particuli\u00e8rement raffin\u00e9e aux cheveux noirs, surmont\u00e9e d&rsquo;une t\u00eate d&rsquo;oiseau. Les yeux fendus ourl\u00e9s d\u2019\u00e9paisses paupi\u00e8res et le regard tourn\u00e9 vers le bas, sont encadr\u00e9s de lignes semi-circulaires incis\u00e9es et color\u00e9es en rouge\/noir\/blanc. Le nez aquilin et fin dominant une bouche souriante sur des dents lim\u00e9es selon les canons du style. La chevelure dessine un motif de chevrons et triangles, color\u00e9s eux aussi, tout comme les ailettes lat\u00e9rales, \u00e9l\u00e9ments emprunt\u00e9s aux masques <em>kp\u00e9lyi\u00e9<\/em> des sculpteurs s\u00e9noufo. Au sommet, la repr\u00e9sentation d\u2019une t\u00eate de coq sur un cou courb\u00e9 d&rsquo;une vive polychromie, comme le visage humain.\u00a0 Au revers, les marques d\u2019outils t\u00e9moignent d\u2019un travail ancien. Inspir\u00e9 de l&rsquo;\u0153uvre du Ma\u00eetre des Duonou, cf. Catalogue: Les Ma\u00eetres de la sculpture de C\u00f4te d&rsquo;Ivoire, Exposition au Mus\u00e9e du Quai Branly, 2015.<br \/>\nCes masques tr\u00e8s color\u00e9s, que l\u2019on surnomme aussi \u00ab masques Ripolin \u00bb (ils apparurent avec l\u2019arriv\u00e9e des premi\u00e8res peintures ramen\u00e9es par les colons) sont utilis\u00e9s pour nombre de r\u00e9jouissances et sont des masques profanes, que tout le monde peut voir. Chaque village Gouro en C\u00f4te d\u2019Ivoire a son danseur Zaouli pris\u00e9.\u00a0 Toujours incarn\u00e9 par un homme, le masque lui-m\u00eame repr\u00e9sente la magnifique fille de Zaouli \u2014 <em>Djela Lon Zaouli<\/em> \u2014 la fille du lion.<\/p>\n<p><strong>Origin<\/strong><br \/>\nEx private collection from the south of France.<\/p>","protected":false},"featured_media":14216,"template":"","meta":{"_exactmetrics_skip_tracking":false,"_exactmetrics_sitenote_active":false,"_exactmetrics_sitenote_note":"","_exactmetrics_sitenote_category":0,"neve_meta_sidebar":"","neve_meta_container":"","neve_meta_enable_content_width":"on","neve_meta_content_width":100,"neve_meta_title_alignment":"","neve_meta_author_avatar":"","neve_post_elements_order":"","neve_meta_disable_header":"","neve_meta_disable_footer":"","neve_meta_disable_title":"","_themeisle_gutenberg_block_has_review":false},"product_brand":[],"product_cat":[26],"product_tag":[],"class_list":{"0":"post-14201","1":"product","2":"type-product","3":"status-publish","4":"has-post-thumbnail","6":"product_cat-masques","7":"pa_dimensions-h-54-cm","8":"pa_epoque-circa-1950","9":"pa_ethnie-gouro","10":"pa_materiaux-bois-peinture-ripolin","11":"pa_pays-cote-divoire","13":"first","14":"instock","15":"sold-individually","16":"taxable","17":"shipping-taxable","18":"purchasable","19":"product-type-simple","20":"add-to-wishlist-before_image"},"_links":{"self":[{"href":"https:\/\/evebegalli.com\/en\/wp-json\/wp\/v2\/product\/14201","targetHints":{"allow":["GET"]}}],"collection":[{"href":"https:\/\/evebegalli.com\/en\/wp-json\/wp\/v2\/product"}],"about":[{"href":"https:\/\/evebegalli.com\/en\/wp-json\/wp\/v2\/types\/product"}],"version-history":[{"count":0,"href":"https:\/\/evebegalli.com\/en\/wp-json\/wp\/v2\/product\/14201\/revisions"}],"wp:featuredmedia":[{"embeddable":true,"href":"https:\/\/evebegalli.com\/en\/wp-json\/wp\/v2\/media\/14216"}],"wp:attachment":[{"href":"https:\/\/evebegalli.com\/en\/wp-json\/wp\/v2\/media?parent=14201"}],"wp:term":[{"taxonomy":"product_brand","embeddable":true,"href":"https:\/\/evebegalli.com\/en\/wp-json\/wp\/v2\/product_brand?post=14201"},{"taxonomy":"product_cat","embeddable":true,"href":"https:\/\/evebegalli.com\/en\/wp-json\/wp\/v2\/product_cat?post=14201"},{"taxonomy":"product_tag","embeddable":true,"href":"https:\/\/evebegalli.com\/en\/wp-json\/wp\/v2\/product_tag?post=14201"}],"curies":[{"name":"wp","href":"https:\/\/api.w.org\/{rel}","templated":true}]}}