{"id":14152,"date":"2022-07-31T13:40:22","date_gmt":"2022-07-31T13:40:22","guid":{"rendered":"https:\/\/evebegalli.com\/?post_type=product&#038;p=14152"},"modified":"2022-07-31T14:14:50","modified_gmt":"2022-07-31T14:14:50","slug":"statue-lobi-burkina-faso-2","status":"publish","type":"product","link":"https:\/\/evebegalli.com\/en\/product\/statue-lobi-burkina-faso-2\/","title":{"rendered":"Statue Lobi, Burkina Faso"},"content":{"rendered":"","protected":false},"excerpt":{"rendered":"<p>Belle repr\u00e9sentation masculine \u00e0 la sculpture expressive et vigoureuse. On note l&rsquo;aspect int\u00e9rioris\u00e9 et l&rsquo;impression de s\u00e9r\u00e9nit\u00e9 du visage, l\u2019\u00e9l\u00e9gance du corps soulign\u00e9e par les bras l\u00e9g\u00e8rement repli\u00e9s, le doux renflement du ventre contrebalanc\u00e9 par la saillie des fesses et le fl\u00e9chissement des jambes simplement esquiss\u00e9. Les traits du visage aux yeux en amande sont d&rsquo;une finesse remarquable. Bois lourd \u00e0 profonde patine brune brillante.<\/p>\n<p><strong>Origin<\/strong><br \/>\nEx private collection from the south of France.<\/p>","protected":false},"featured_media":14168,"template":"","meta":{"_exactmetrics_skip_tracking":false,"_exactmetrics_sitenote_active":false,"_exactmetrics_sitenote_note":"","_exactmetrics_sitenote_category":0,"neve_meta_sidebar":"","neve_meta_container":"","neve_meta_enable_content_width":"on","neve_meta_content_width":100,"neve_meta_title_alignment":"","neve_meta_author_avatar":"","neve_post_elements_order":"","neve_meta_disable_header":"","neve_meta_disable_footer":"","neve_meta_disable_title":"","_themeisle_gutenberg_block_has_review":false},"product_brand":[],"product_cat":[27],"product_tag":[],"class_list":{"0":"post-14152","1":"product","2":"type-product","3":"status-publish","4":"has-post-thumbnail","6":"product_cat-statues","7":"pa_dimensions-h-26-cm","8":"pa_epoque-circa-1950","9":"pa_ethnie-lobi","10":"pa_materiaux-bois","11":"pa_pays-burkina-faso","13":"first","14":"instock","15":"sold-individually","16":"taxable","17":"shipping-taxable","18":"purchasable","19":"product-type-simple","20":"add-to-wishlist-before_image"},"_links":{"self":[{"href":"https:\/\/evebegalli.com\/en\/wp-json\/wp\/v2\/product\/14152","targetHints":{"allow":["GET"]}}],"collection":[{"href":"https:\/\/evebegalli.com\/en\/wp-json\/wp\/v2\/product"}],"about":[{"href":"https:\/\/evebegalli.com\/en\/wp-json\/wp\/v2\/types\/product"}],"version-history":[{"count":0,"href":"https:\/\/evebegalli.com\/en\/wp-json\/wp\/v2\/product\/14152\/revisions"}],"wp:featuredmedia":[{"embeddable":true,"href":"https:\/\/evebegalli.com\/en\/wp-json\/wp\/v2\/media\/14168"}],"wp:attachment":[{"href":"https:\/\/evebegalli.com\/en\/wp-json\/wp\/v2\/media?parent=14152"}],"wp:term":[{"taxonomy":"product_brand","embeddable":true,"href":"https:\/\/evebegalli.com\/en\/wp-json\/wp\/v2\/product_brand?post=14152"},{"taxonomy":"product_cat","embeddable":true,"href":"https:\/\/evebegalli.com\/en\/wp-json\/wp\/v2\/product_cat?post=14152"},{"taxonomy":"product_tag","embeddable":true,"href":"https:\/\/evebegalli.com\/en\/wp-json\/wp\/v2\/product_tag?post=14152"}],"curies":[{"name":"wp","href":"https:\/\/api.w.org\/{rel}","templated":true}]}}