{"id":1413,"date":"2019-10-27T17:55:37","date_gmt":"2019-10-27T17:55:37","guid":{"rendered":"https:\/\/evebegalli.com\/?post_type=product&#038;p=1413"},"modified":"2020-01-18T10:30:32","modified_gmt":"2020-01-18T10:30:32","slug":"tabouret-de-feticheur-a-deux-tetes-lobi-burkina-faso","status":"publish","type":"product","link":"https:\/\/evebegalli.com\/en\/product\/tabouret-de-feticheur-a-deux-tetes-lobi-burkina-faso\/","title":{"rendered":"Tabouret \u00e0 deux t\u00eates, Lobi, Burkina Faso"},"content":{"rendered":"<div class=\"epyt-video-wrapper\"><iframe  id=\"_ytid_23111\"  width=\"1200\" height=\"675\"  data-origwidth=\"1200\" data-origheight=\"675\" src=\"https:\/\/www.youtube.com\/embed\/3znK5XZDcn4?enablejsapi=1&autoplay=0&cc_load_policy=0&cc_lang_pref=&iv_load_policy=1&loop=0&rel=0&fs=1&playsinline=0&autohide=2&theme=dark&color=red&controls=1&disablekb=0&\" class=\"__youtube_prefs__  no-lazyload\" title=\"YouTube player\"  allow=\"fullscreen; accelerometer; autoplay; clipboard-write; encrypted-media; gyroscope; picture-in-picture; web-share\" referrerpolicy=\"strict-origin-when-cross-origin\" allowfullscreen data-no-lazy=\"1\" data-skipgform_ajax_framebjll=\"\"><\/iframe><\/div>","protected":false},"excerpt":{"rendered":"<p>Rare tabouret tripode, l&rsquo;assise incurv\u00e9e \u00e0 l&rsquo;extr\u00e9mit\u00e9 sculpt\u00e9e de deux t\u00eates anthropomorphes en ronde bosse, par le sculpteur Loron-Lobi Sib Polfote, du village de Latara, pr\u00e8s de Kampti.<br \/>\nExclusivement r\u00e9serv\u00e9 aux hommes et particuli\u00e8rement \u00e0 certains chefs de famille Lobi, le tabouret \u00e9tait utilis\u00e9 lors des cultes destin\u00e9s \u00e0 honorer les anc\u00eatres. Il se transmettait de p\u00e8re en fils afin de perp\u00e9tuer la tradition des cultes familiaux.<br \/>\nLes si\u00e8ges tripodes Lobi sont port\u00e9s \u00e0 l&rsquo;\u00e9paule par les hommes e peuvent \u00eatre tr\u00e8s artistiquement sculpt\u00e9s, g\u00e9n\u00e9ralement orn\u00e9s d&rsquo;une ou deux t\u00eates anthropomorphes ou d&rsquo;une t\u00eate d&rsquo;animal (calao, antilope) affirmant ainsi l&rsquo;importance et le prestige de leur propri\u00e9taire.<br \/>\nCe genre de si\u00e8ge sont souvent command\u00e9s \u00e0 un sculpteur par un p\u00e8re pour l&rsquo;offrir \u00e0 son enfant qui participe \u00e0 l&rsquo;initiation du Dyoro. Lors de ses d\u00e9placement le jeune homme est ainsi prot\u00e9g\u00e9 des influences n\u00e9fastes d&rsquo;une terre \u00e9trang\u00e8re.<br \/>\nBois dur, tr\u00e8s belle patine d&rsquo;usage brun fonc\u00e9.<\/p>\n<p><strong>Origin<\/strong><br \/>\nEx collection fran\u00e7aise S.B.<br \/>\nEve Begalli collection, Grenoble, acquired in 2019<\/p>","protected":false},"featured_media":1424,"template":"","meta":{"_exactmetrics_skip_tracking":false,"_exactmetrics_sitenote_active":false,"_exactmetrics_sitenote_note":"","_exactmetrics_sitenote_category":0,"neve_meta_sidebar":"","neve_meta_container":"","neve_meta_enable_content_width":"on","neve_meta_content_width":100,"neve_meta_title_alignment":"","neve_meta_author_avatar":"","neve_post_elements_order":"","neve_meta_disable_header":"","neve_meta_disable_footer":"","neve_meta_disable_title":"","_themeisle_gutenberg_block_has_review":false},"product_brand":[],"product_cat":[25],"product_tag":[],"class_list":{"0":"post-1413","1":"product","2":"type-product","3":"status-publish","4":"has-post-thumbnail","6":"product_cat-tabourets","7":"pa_dimensions-76cm-57cm19cm-pied-x-25-cm-h-29cm","8":"pa_epoque-circa-1950","9":"pa_ethnie-lobi","10":"pa_materiaux-bois","11":"pa_pays-burkina-faso","13":"first","14":"instock","15":"sold-individually","16":"taxable","17":"shipping-taxable","18":"purchasable","19":"product-type-simple","20":"add-to-wishlist-before_image"},"_links":{"self":[{"href":"https:\/\/evebegalli.com\/en\/wp-json\/wp\/v2\/product\/1413","targetHints":{"allow":["GET"]}}],"collection":[{"href":"https:\/\/evebegalli.com\/en\/wp-json\/wp\/v2\/product"}],"about":[{"href":"https:\/\/evebegalli.com\/en\/wp-json\/wp\/v2\/types\/product"}],"version-history":[{"count":0,"href":"https:\/\/evebegalli.com\/en\/wp-json\/wp\/v2\/product\/1413\/revisions"}],"wp:featuredmedia":[{"embeddable":true,"href":"https:\/\/evebegalli.com\/en\/wp-json\/wp\/v2\/media\/1424"}],"wp:attachment":[{"href":"https:\/\/evebegalli.com\/en\/wp-json\/wp\/v2\/media?parent=1413"}],"wp:term":[{"taxonomy":"product_brand","embeddable":true,"href":"https:\/\/evebegalli.com\/en\/wp-json\/wp\/v2\/product_brand?post=1413"},{"taxonomy":"product_cat","embeddable":true,"href":"https:\/\/evebegalli.com\/en\/wp-json\/wp\/v2\/product_cat?post=1413"},{"taxonomy":"product_tag","embeddable":true,"href":"https:\/\/evebegalli.com\/en\/wp-json\/wp\/v2\/product_tag?post=1413"}],"curies":[{"name":"wp","href":"https:\/\/api.w.org\/{rel}","templated":true}]}}