{"id":14127,"date":"2022-07-30T18:05:30","date_gmt":"2022-07-30T18:05:30","guid":{"rendered":"https:\/\/evebegalli.com\/?post_type=product&#038;p=14127"},"modified":"2022-07-30T19:25:36","modified_gmt":"2022-07-30T19:25:36","slug":"paire-de-jumeaux-ibeji-yoruba-owu-nigeria","status":"publish","type":"product","link":"https:\/\/evebegalli.com\/en\/product\/paire-de-jumeaux-ibeji-yoruba-owu-nigeria\/","title":{"rendered":"Paire de jumeaux Ibeji Yoruba Owu, Nigeria"},"content":{"rendered":"","protected":false},"excerpt":{"rendered":"<p>Statuettes Ibeji, repr\u00e9sentant deux figures une f\u00e9minine et l&rsquo;autre masculine, les mains sur les hanches, les visages scarifi\u00e9s, les coiffures incis\u00e9es.<br \/>\nPatine sombre avec restes de camwood.<br \/>\nLes jumeaux, enfants du dieu tonnerre Shango, sont \u00e0 la fois craints et porteurs de chance. Au cas o\u00f9 l\u2019un des deux \u2013 ou les deux \u2013 jumeaux d\u00e9c\u00e9derait, les parents devront faire fabriquer une effigie <i>ibeji<\/i>\u00a0repr\u00e9sentant un enfant, symboliquement figur\u00e9 sous des traits adultes et qui accompagnera l\u2019enfant rest\u00e9 vivant. La statuette, ou r\u00e9side l\u2019esprit du jumeau d\u00e9c\u00e9d\u00e9, recevra alors les m\u00eames attentions que son jumeau. Il est lav\u00e9, soign\u00e9, huil\u00e9, nourri, v\u00eatu et entour\u00e9 de chants et de pri\u00e8res. Il est plac\u00e9 debout le jour sur l\u2019autel, ou port\u00e9 par les femmes et allong\u00e9 la nuit. Leur coiffure est r\u00e9guli\u00e8rement enduite du bleu indigo, et leur corps est rougi par les pigments de bois rouge.<\/p>\n<p><strong>Origin<\/strong><br \/>\nEx private collection from the south of France.<\/p>","protected":false},"featured_media":14149,"template":"","meta":{"_exactmetrics_skip_tracking":false,"_exactmetrics_sitenote_active":false,"_exactmetrics_sitenote_note":"","_exactmetrics_sitenote_category":0,"neve_meta_sidebar":"","neve_meta_container":"","neve_meta_enable_content_width":"on","neve_meta_content_width":100,"neve_meta_title_alignment":"","neve_meta_author_avatar":"","neve_post_elements_order":"","neve_meta_disable_header":"","neve_meta_disable_footer":"","neve_meta_disable_title":"","_themeisle_gutenberg_block_has_review":false},"product_brand":[],"product_cat":[27],"product_tag":[],"class_list":{"0":"post-14127","1":"product","2":"type-product","3":"status-publish","4":"has-post-thumbnail","6":"product_cat-statues","7":"pa_dimensions-h-27-cm","8":"pa_dimensions-h-29-cm-2","9":"pa_epoque-circa-1950","10":"pa_ethnie-yoruba","11":"pa_materiaux-bleu-de-lessive","12":"pa_materiaux-bois","13":"pa_materiaux-camwood","14":"pa_materiaux-perles","15":"pa_pays-nigeria","17":"first","18":"instock","19":"sold-individually","20":"taxable","21":"shipping-taxable","22":"purchasable","23":"product-type-simple","24":"add-to-wishlist-before_image"},"_links":{"self":[{"href":"https:\/\/evebegalli.com\/en\/wp-json\/wp\/v2\/product\/14127","targetHints":{"allow":["GET"]}}],"collection":[{"href":"https:\/\/evebegalli.com\/en\/wp-json\/wp\/v2\/product"}],"about":[{"href":"https:\/\/evebegalli.com\/en\/wp-json\/wp\/v2\/types\/product"}],"version-history":[{"count":0,"href":"https:\/\/evebegalli.com\/en\/wp-json\/wp\/v2\/product\/14127\/revisions"}],"wp:featuredmedia":[{"embeddable":true,"href":"https:\/\/evebegalli.com\/en\/wp-json\/wp\/v2\/media\/14149"}],"wp:attachment":[{"href":"https:\/\/evebegalli.com\/en\/wp-json\/wp\/v2\/media?parent=14127"}],"wp:term":[{"taxonomy":"product_brand","embeddable":true,"href":"https:\/\/evebegalli.com\/en\/wp-json\/wp\/v2\/product_brand?post=14127"},{"taxonomy":"product_cat","embeddable":true,"href":"https:\/\/evebegalli.com\/en\/wp-json\/wp\/v2\/product_cat?post=14127"},{"taxonomy":"product_tag","embeddable":true,"href":"https:\/\/evebegalli.com\/en\/wp-json\/wp\/v2\/product_tag?post=14127"}],"curies":[{"name":"wp","href":"https:\/\/api.w.org\/{rel}","templated":true}]}}