{"id":14028,"date":"2022-06-19T17:19:55","date_gmt":"2022-06-19T17:19:55","guid":{"rendered":"https:\/\/evebegalli.com\/?post_type=product&#038;p=14028"},"modified":"2024-07-18T21:06:06","modified_gmt":"2024-07-18T21:06:06","slug":"masque-lega-republique-democratique-du-congo-2","status":"publish","type":"product","link":"https:\/\/evebegalli.com\/en\/product\/masque-lega-republique-democratique-du-congo-2\/","title":{"rendered":"Lega mask, Democratic Republic of Congo"},"content":{"rendered":"","protected":false},"excerpt":{"rendered":"<p>Beautiful\u00a0<em>Idimu<\/em> de tr\u00e8s belles proportions au visage piriforme, \u00e0 l\u2019int\u00e9rieur duquel s\u2019inscrit la face creus\u00e9e \u00ab en c\u0153ur \u00bb, dessin\u00e9e par les lignes des arcades sourcili\u00e8res. La forme des yeux fendus et ourl\u00e9s sur la partie sup\u00e9rieure est tr\u00e8s particuli\u00e8re. Ce masque offre une belle opposition entre la douceur des courbes du visage et la puissance de ses traits anguleux et saillants. Le menton est soulign\u00e9 par une s\u00e9quence de trous qui remontent jusqu&rsquo;aux joues. Magnifique patine claire nuanc\u00e9e miel, avec traces de kaolin. Ces masques poss\u00e8dent un r\u00f4le majeur dans l\u2019institution du<em>\u00a0Bwami<\/em>\u00a0\u2013\u00a0association initiatique qui structure les diff\u00e9rents groupes Lega. Contrairement aux\u00a0masquettes (dont la dimension n\u2019exc\u00e8de pas la paume de la main),\u00a0les grands masques en bois n\u2019appartiennent pas \u00e0 des individus mais \u00e0 \u00ab\u00a0une collectivit\u00e9 d\u2019initi\u00e9s unis par des liens de parent\u00e9 et de territorialit\u00e9\u00a0\u00bb (Biebuyck,\u00a0<em>La sculpture des Lega<\/em>, 1994, p. 53). Ils se partagent en deux types \u2013\u00a0<em>idimu<\/em>\u00a0et\u00a0<em>muminia<\/em>\u00a0\u2013 dont la distinction est difficile \u00e0 \u00e9tablir en l\u2019absence d\u2019information de collecte. Au cours des rituels, ces objets sacr\u00e9s d\u2019initiation sont soit port\u00e9s sur le visage ou haut sur le front soit \u00a0simplement accroch\u00e9 \u00e0 une palissade ou pala, au milieu d\u2019autres masques de plus petites tailles dont il \u00e9tait \u00e0 la fois l\u2019anc\u00eatre et le protecteur.<\/p>\n<p><strong>Origin<\/strong><br \/>\nEx private collection from the south of France.<\/p>","protected":false},"featured_media":14038,"template":"","meta":{"_exactmetrics_skip_tracking":false,"_exactmetrics_sitenote_active":false,"_exactmetrics_sitenote_note":"","_exactmetrics_sitenote_category":0,"neve_meta_sidebar":"","neve_meta_container":"","neve_meta_enable_content_width":"on","neve_meta_content_width":100,"neve_meta_title_alignment":"","neve_meta_author_avatar":"","neve_post_elements_order":"","neve_meta_disable_header":"","neve_meta_disable_footer":"","neve_meta_disable_title":"","_themeisle_gutenberg_block_has_review":false},"product_brand":[],"product_cat":[26],"product_tag":[],"class_list":{"0":"post-14028","1":"product","2":"type-product","3":"status-publish","4":"has-post-thumbnail","6":"product_cat-masques","7":"pa_dimensions-h-21-cm","8":"pa_epoque-premiere-moitie-du-xxeme-siecle","9":"pa_ethnie-lega","10":"pa_materiaux-bois","11":"pa_materiaux-kaolin","12":"pa_pays-r-d-du-congo","14":"first","15":"outofstock","16":"sold-individually","17":"taxable","18":"shipping-taxable","19":"product-type-simple","20":"add-to-wishlist-before_image"},"_links":{"self":[{"href":"https:\/\/evebegalli.com\/en\/wp-json\/wp\/v2\/product\/14028","targetHints":{"allow":["GET"]}}],"collection":[{"href":"https:\/\/evebegalli.com\/en\/wp-json\/wp\/v2\/product"}],"about":[{"href":"https:\/\/evebegalli.com\/en\/wp-json\/wp\/v2\/types\/product"}],"version-history":[{"count":1,"href":"https:\/\/evebegalli.com\/en\/wp-json\/wp\/v2\/product\/14028\/revisions"}],"predecessor-version":[{"id":17760,"href":"https:\/\/evebegalli.com\/en\/wp-json\/wp\/v2\/product\/14028\/revisions\/17760"}],"wp:featuredmedia":[{"embeddable":true,"href":"https:\/\/evebegalli.com\/en\/wp-json\/wp\/v2\/media\/14038"}],"wp:attachment":[{"href":"https:\/\/evebegalli.com\/en\/wp-json\/wp\/v2\/media?parent=14028"}],"wp:term":[{"taxonomy":"product_brand","embeddable":true,"href":"https:\/\/evebegalli.com\/en\/wp-json\/wp\/v2\/product_brand?post=14028"},{"taxonomy":"product_cat","embeddable":true,"href":"https:\/\/evebegalli.com\/en\/wp-json\/wp\/v2\/product_cat?post=14028"},{"taxonomy":"product_tag","embeddable":true,"href":"https:\/\/evebegalli.com\/en\/wp-json\/wp\/v2\/product_tag?post=14028"}],"curies":[{"name":"wp","href":"https:\/\/api.w.org\/{rel}","templated":true}]}}