{"id":14000,"date":"2022-06-15T21:54:56","date_gmt":"2022-06-15T21:54:56","guid":{"rendered":"https:\/\/evebegalli.com\/?post_type=product&#038;p=14000"},"modified":"2022-06-15T22:19:46","modified_gmt":"2022-06-15T22:19:46","slug":"fon-bochio-benin-2","status":"publish","type":"product","link":"https:\/\/evebegalli.com\/en\/product\/fon-bochio-benin-2\/","title":{"rendered":"Fon Bochio, B\u00e9nin"},"content":{"rendered":"","protected":false},"excerpt":{"rendered":"<p>Magnifique Bochio du culte Fon constitu\u00e9 d&rsquo;un personnage au beau visage et au cr\u00e2ne lisse et plusieurs charges magiques ins\u00e9r\u00e9es sous les tissus et cordes, une calebasse est visible sur son buste, des objets en fer, des cauris, des pi\u00e8ces de monnaie telles des charms, le tout se terminant par une belle crini\u00e8re de cheval, et recouvert d\u2019une \u00e9paisse cro\u00fbte de sang animal s\u00e9ch\u00e9. Belle pi\u00e8ce de collection ancienne.<\/p>\n<p><strong>Origin\u00a0<\/strong><br \/>\nCollect\u00e9 in situ en 1996 par Ann De Pauw et Luc Huysveld<br \/>\nEx private collection from the south of France.<\/p>\n<p><em><strong>Vendu avec certificat d\u2019authenticit\u00e9 de Ann De Pauw<\/strong><\/em><\/p>","protected":false},"featured_media":14022,"template":"","meta":{"_exactmetrics_skip_tracking":false,"_exactmetrics_sitenote_active":false,"_exactmetrics_sitenote_note":"","_exactmetrics_sitenote_category":0,"neve_meta_sidebar":"","neve_meta_container":"","neve_meta_enable_content_width":"on","neve_meta_content_width":100,"neve_meta_title_alignment":"","neve_meta_author_avatar":"","neve_post_elements_order":"","neve_meta_disable_header":"","neve_meta_disable_footer":"","neve_meta_disable_title":"","_themeisle_gutenberg_block_has_review":false},"product_brand":[],"product_cat":[27],"product_tag":[],"class_list":{"0":"post-14000","1":"product","2":"type-product","3":"status-publish","4":"has-post-thumbnail","6":"product_cat-statues","7":"pa_dimensions-h-49-cm","8":"pa_epoque-moitie-du-xxeme-siecle-ou-avant","9":"pa_ethnie-fon","10":"pa_materiaux-bois","11":"pa_materiaux-calebasse","12":"pa_materiaux-cauris","13":"pa_materiaux-cordes","14":"pa_materiaux-crin-danimal","15":"pa_materiaux-patine-sacrificielle","16":"pa_materiaux-pieces-de-monnaie","17":"pa_materiaux-sang-animal","18":"pa_materiaux-tissus","19":"pa_pays-benin","21":"first","22":"instock","23":"sold-individually","24":"taxable","25":"shipping-taxable","26":"purchasable","27":"product-type-simple","28":"add-to-wishlist-before_image"},"_links":{"self":[{"href":"https:\/\/evebegalli.com\/en\/wp-json\/wp\/v2\/product\/14000","targetHints":{"allow":["GET"]}}],"collection":[{"href":"https:\/\/evebegalli.com\/en\/wp-json\/wp\/v2\/product"}],"about":[{"href":"https:\/\/evebegalli.com\/en\/wp-json\/wp\/v2\/types\/product"}],"version-history":[{"count":0,"href":"https:\/\/evebegalli.com\/en\/wp-json\/wp\/v2\/product\/14000\/revisions"}],"wp:featuredmedia":[{"embeddable":true,"href":"https:\/\/evebegalli.com\/en\/wp-json\/wp\/v2\/media\/14022"}],"wp:attachment":[{"href":"https:\/\/evebegalli.com\/en\/wp-json\/wp\/v2\/media?parent=14000"}],"wp:term":[{"taxonomy":"product_brand","embeddable":true,"href":"https:\/\/evebegalli.com\/en\/wp-json\/wp\/v2\/product_brand?post=14000"},{"taxonomy":"product_cat","embeddable":true,"href":"https:\/\/evebegalli.com\/en\/wp-json\/wp\/v2\/product_cat?post=14000"},{"taxonomy":"product_tag","embeddable":true,"href":"https:\/\/evebegalli.com\/en\/wp-json\/wp\/v2\/product_tag?post=14000"}],"curies":[{"name":"wp","href":"https:\/\/api.w.org\/{rel}","templated":true}]}}