{"id":13973,"date":"2022-06-09T20:04:13","date_gmt":"2022-06-09T20:04:13","guid":{"rendered":"https:\/\/evebegalli.com\/?post_type=product&#038;p=13973"},"modified":"2022-06-09T21:28:41","modified_gmt":"2022-06-09T21:28:41","slug":"ewe-fetiche-bleu-aux-cadenas-togo","status":"publish","type":"product","link":"https:\/\/evebegalli.com\/en\/product\/ewe-fetiche-bleu-aux-cadenas-togo\/","title":{"rendered":"Ewe f\u00e9tiche bleu aux cadenas, Togo"},"content":{"rendered":"","protected":false},"excerpt":{"rendered":"<p>Puissant f\u00e9tiche le corps entour\u00e9 d&rsquo;une multitude de cl\u00e9s et cadenas. Le visage tr\u00e8s bien sculpt\u00e9 est fort et expressif.\u00a0 Restes de libations, kaolin et pigments bleus. Belle pi\u00e8ce du culte vaudou.<\/p>\n<p><strong>Origin<\/strong><br \/>\nEx private collection from the south of France.<\/p>","protected":false},"featured_media":13992,"template":"","meta":{"_exactmetrics_skip_tracking":false,"_exactmetrics_sitenote_active":false,"_exactmetrics_sitenote_note":"","_exactmetrics_sitenote_category":0,"neve_meta_sidebar":"","neve_meta_container":"","neve_meta_enable_content_width":"on","neve_meta_content_width":100,"neve_meta_title_alignment":"","neve_meta_author_avatar":"","neve_post_elements_order":"","neve_meta_disable_header":"","neve_meta_disable_footer":"","neve_meta_disable_title":"","_themeisle_gutenberg_block_has_review":false},"product_brand":[],"product_cat":[27],"product_tag":[],"class_list":{"0":"post-13973","1":"product","2":"type-product","3":"status-publish","4":"has-post-thumbnail","6":"product_cat-statues","7":"pa_dimensions-h-28cm","8":"pa_epoque-circa-1950","9":"pa_ethnie-ewe","10":"pa_materiaux-bois-tissus-cadenas-cles-pigments-bleus-kaolin","11":"pa_materiaux-patine-sacrificielle","12":"pa_pays-ghana","13":"pa_pays-togo","15":"first","16":"instock","17":"sold-individually","18":"taxable","19":"shipping-taxable","20":"purchasable","21":"product-type-simple","22":"add-to-wishlist-before_image"},"_links":{"self":[{"href":"https:\/\/evebegalli.com\/en\/wp-json\/wp\/v2\/product\/13973","targetHints":{"allow":["GET"]}}],"collection":[{"href":"https:\/\/evebegalli.com\/en\/wp-json\/wp\/v2\/product"}],"about":[{"href":"https:\/\/evebegalli.com\/en\/wp-json\/wp\/v2\/types\/product"}],"version-history":[{"count":0,"href":"https:\/\/evebegalli.com\/en\/wp-json\/wp\/v2\/product\/13973\/revisions"}],"wp:featuredmedia":[{"embeddable":true,"href":"https:\/\/evebegalli.com\/en\/wp-json\/wp\/v2\/media\/13992"}],"wp:attachment":[{"href":"https:\/\/evebegalli.com\/en\/wp-json\/wp\/v2\/media?parent=13973"}],"wp:term":[{"taxonomy":"product_brand","embeddable":true,"href":"https:\/\/evebegalli.com\/en\/wp-json\/wp\/v2\/product_brand?post=13973"},{"taxonomy":"product_cat","embeddable":true,"href":"https:\/\/evebegalli.com\/en\/wp-json\/wp\/v2\/product_cat?post=13973"},{"taxonomy":"product_tag","embeddable":true,"href":"https:\/\/evebegalli.com\/en\/wp-json\/wp\/v2\/product_tag?post=13973"}],"curies":[{"name":"wp","href":"https:\/\/api.w.org\/{rel}","templated":true}]}}