{"id":13851,"date":"2022-05-01T16:25:18","date_gmt":"2022-05-01T16:25:18","guid":{"rendered":"https:\/\/evebegalli.com\/?post_type=product&#038;p=13851"},"modified":"2022-05-01T16:29:43","modified_gmt":"2022-05-01T16:29:43","slug":"fon-bocio-benin-3","status":"publish","type":"product","link":"https:\/\/evebegalli.com\/en\/product\/fon-bocio-benin-3\/","title":{"rendered":"Fon Bocio, Benin"},"content":{"rendered":"","protected":false},"excerpt":{"rendered":"<p>Exceptionnel grand Bocio, une charge magique entour\u00e9e de tissus attach\u00e9e au torse. De cette sculpture simple \u00e0 la forme ravin\u00e9e, le visage fort et expressif, les yeux clos, \u00e9mane une puissance qui lui donne une dimension ancestrale.\u00a0 Le corps est recouvert d\u2019une \u00e9paisse patine de sang tr\u00e8s ancienne attestant d\u2019une longue utilisation rituelle.<\/p>\n<p><strong>Origin<\/strong><br \/>\nEx private collection from the south of France.<\/p>","protected":false},"featured_media":13870,"template":"","meta":{"_exactmetrics_skip_tracking":false,"_exactmetrics_sitenote_active":false,"_exactmetrics_sitenote_note":"","_exactmetrics_sitenote_category":0,"neve_meta_sidebar":"","neve_meta_container":"","neve_meta_enable_content_width":"on","neve_meta_content_width":100,"neve_meta_title_alignment":"","neve_meta_author_avatar":"","neve_post_elements_order":"","neve_meta_disable_header":"","neve_meta_disable_footer":"","neve_meta_disable_title":"","_themeisle_gutenberg_block_has_review":false},"product_brand":[],"product_cat":[27],"product_tag":[],"class_list":{"0":"post-13851","1":"product","2":"type-product","3":"status-publish","4":"has-post-thumbnail","6":"product_cat-statues","7":"pa_dimensions-h-61cm","8":"pa_epoque-debut-du-xxeme-siecle","9":"pa_ethnie-fon","10":"pa_materiaux-bois","11":"pa_materiaux-cauris","12":"pa_materiaux-cordes","13":"pa_materiaux-patine-sacrificielle","14":"pa_materiaux-tissus","15":"pa_pays-benin","17":"first","18":"instock","19":"sold-individually","20":"taxable","21":"shipping-taxable","22":"purchasable","23":"product-type-simple","24":"add-to-wishlist-before_image"},"_links":{"self":[{"href":"https:\/\/evebegalli.com\/en\/wp-json\/wp\/v2\/product\/13851","targetHints":{"allow":["GET"]}}],"collection":[{"href":"https:\/\/evebegalli.com\/en\/wp-json\/wp\/v2\/product"}],"about":[{"href":"https:\/\/evebegalli.com\/en\/wp-json\/wp\/v2\/types\/product"}],"version-history":[{"count":0,"href":"https:\/\/evebegalli.com\/en\/wp-json\/wp\/v2\/product\/13851\/revisions"}],"wp:featuredmedia":[{"embeddable":true,"href":"https:\/\/evebegalli.com\/en\/wp-json\/wp\/v2\/media\/13870"}],"wp:attachment":[{"href":"https:\/\/evebegalli.com\/en\/wp-json\/wp\/v2\/media?parent=13851"}],"wp:term":[{"taxonomy":"product_brand","embeddable":true,"href":"https:\/\/evebegalli.com\/en\/wp-json\/wp\/v2\/product_brand?post=13851"},{"taxonomy":"product_cat","embeddable":true,"href":"https:\/\/evebegalli.com\/en\/wp-json\/wp\/v2\/product_cat?post=13851"},{"taxonomy":"product_tag","embeddable":true,"href":"https:\/\/evebegalli.com\/en\/wp-json\/wp\/v2\/product_tag?post=13851"}],"curies":[{"name":"wp","href":"https:\/\/api.w.org\/{rel}","templated":true}]}}