{"id":13831,"date":"2022-04-29T18:13:41","date_gmt":"2022-04-29T18:13:41","guid":{"rendered":"https:\/\/evebegalli.com\/?post_type=product&#038;p=13831"},"modified":"2022-04-29T20:26:02","modified_gmt":"2022-04-29T20:26:02","slug":"paire-de-jumeaux-ibeji-nago-benin-nigeria","status":"publish","type":"product","link":"https:\/\/evebegalli.com\/en\/product\/paire-de-jumeaux-ibeji-nago-benin-nigeria\/","title":{"rendered":"Paire de Jumeaux Ibeji Nag\u00f4, Benin\/Nigeria"},"content":{"rendered":"","protected":false},"excerpt":{"rendered":"<p>Magnifique paire de statuettes Ibeji Nag\u00f4. Belle expression des visages. Des fils de perles anciennes miniatures ornent le cou de chaque personnage. Grande finesse de la sculpture. Les volumes sont habilement trait\u00e9s, la surface est douce r\u00e9sultant de nombreuses manipulations rituelles. Belle patine claire mielleuse, charmantes pi\u00e8ces anciennes de collection.<\/p>\n<p><strong>Origin<\/strong><br \/>\nEx private collection from the south of France.<\/p>","protected":false},"featured_media":13845,"template":"","meta":{"_exactmetrics_skip_tracking":false,"_exactmetrics_sitenote_active":false,"_exactmetrics_sitenote_note":"","_exactmetrics_sitenote_category":0,"neve_meta_sidebar":"","neve_meta_container":"","neve_meta_enable_content_width":"on","neve_meta_content_width":100,"neve_meta_title_alignment":"","neve_meta_author_avatar":"","neve_post_elements_order":"","neve_meta_disable_header":"","neve_meta_disable_footer":"","neve_meta_disable_title":"","_themeisle_gutenberg_block_has_review":false},"product_brand":[],"product_cat":[27],"product_tag":[],"class_list":{"0":"post-13831","1":"product","2":"type-product","3":"status-publish","4":"has-post-thumbnail","6":"product_cat-statues","7":"pa_dimensions-13-cm-125-cm","8":"pa_epoque-premiere-moitie-du-xxeme-siecle","9":"pa_ethnie-nago","10":"pa_materiaux-bois-perles","11":"pa_pays-benin","12":"pa_pays-nigeria","14":"first","15":"instock","16":"sold-individually","17":"taxable","18":"shipping-taxable","19":"purchasable","20":"product-type-simple","21":"add-to-wishlist-before_image"},"_links":{"self":[{"href":"https:\/\/evebegalli.com\/en\/wp-json\/wp\/v2\/product\/13831","targetHints":{"allow":["GET"]}}],"collection":[{"href":"https:\/\/evebegalli.com\/en\/wp-json\/wp\/v2\/product"}],"about":[{"href":"https:\/\/evebegalli.com\/en\/wp-json\/wp\/v2\/types\/product"}],"version-history":[{"count":0,"href":"https:\/\/evebegalli.com\/en\/wp-json\/wp\/v2\/product\/13831\/revisions"}],"wp:featuredmedia":[{"embeddable":true,"href":"https:\/\/evebegalli.com\/en\/wp-json\/wp\/v2\/media\/13845"}],"wp:attachment":[{"href":"https:\/\/evebegalli.com\/en\/wp-json\/wp\/v2\/media?parent=13831"}],"wp:term":[{"taxonomy":"product_brand","embeddable":true,"href":"https:\/\/evebegalli.com\/en\/wp-json\/wp\/v2\/product_brand?post=13831"},{"taxonomy":"product_cat","embeddable":true,"href":"https:\/\/evebegalli.com\/en\/wp-json\/wp\/v2\/product_cat?post=13831"},{"taxonomy":"product_tag","embeddable":true,"href":"https:\/\/evebegalli.com\/en\/wp-json\/wp\/v2\/product_tag?post=13831"}],"curies":[{"name":"wp","href":"https:\/\/api.w.org\/{rel}","templated":true}]}}