{"id":13810,"date":"2022-04-14T18:26:12","date_gmt":"2022-04-14T18:26:12","guid":{"rendered":"https:\/\/evebegalli.com\/?post_type=product&#038;p=13810"},"modified":"2022-04-26T14:14:07","modified_gmt":"2022-04-26T14:14:07","slug":"ewe-statuette-venavi-togo-2","status":"publish","type":"product","link":"https:\/\/evebegalli.com\/en\/product\/ewe-statuette-venavi-togo-2\/","title":{"rendered":"Ewe statuette Venavi, Togo"},"content":{"rendered":"","protected":false},"excerpt":{"rendered":"<p>Charmante statuette f\u00e9minine Venavi Ewe, aux mains et pieds laqu\u00e9s et v\u00eatue d&rsquo;une jupe. Belle expression du visage, les traits estomp\u00e9s montrent qu\u2019elle a \u00e9t\u00e9 l\u2019objet de beaucoup de soins sur plusieurs g\u00e9n\u00e9rations. Les volumes sont compacts et habilement trait\u00e9s. La coiffe est bien travaill\u00e9e et us\u00e9e \u00e0 l\u2019endroit du frottement avec le corps de la personne qui la transportait.\u00a0 Un collier de perles rouges orne le cou. Belle patine mielleuse avec traces de kaolin, la surface est douce r\u00e9sultant des nombreuses manipulations rituelles.<\/p>\n<p><strong>Origin<\/strong><br \/>\nEx private collection from the south of France.<\/p>","protected":false},"featured_media":13825,"template":"","meta":{"_exactmetrics_skip_tracking":false,"_exactmetrics_sitenote_active":false,"_exactmetrics_sitenote_note":"","_exactmetrics_sitenote_category":0,"neve_meta_sidebar":"","neve_meta_container":"","neve_meta_enable_content_width":"on","neve_meta_content_width":100,"neve_meta_title_alignment":"","neve_meta_author_avatar":"","neve_post_elements_order":"","neve_meta_disable_header":"","neve_meta_disable_footer":"","neve_meta_disable_title":"","_themeisle_gutenberg_block_has_review":false},"product_brand":[],"product_cat":[27],"product_tag":[],"class_list":{"0":"post-13810","1":"product","2":"type-product","3":"status-publish","4":"has-post-thumbnail","6":"product_cat-statues","7":"pa_dimensions-h-19-cm-2","8":"pa_epoque-premiere-moitie-du-xxeme-siecle","9":"pa_ethnie-ewe","10":"pa_materiaux-bois-perles-laque","11":"pa_pays-ghana","12":"pa_pays-togo","14":"first","15":"instock","16":"sold-individually","17":"taxable","18":"shipping-taxable","19":"purchasable","20":"product-type-simple","21":"add-to-wishlist-before_image"},"_links":{"self":[{"href":"https:\/\/evebegalli.com\/en\/wp-json\/wp\/v2\/product\/13810","targetHints":{"allow":["GET"]}}],"collection":[{"href":"https:\/\/evebegalli.com\/en\/wp-json\/wp\/v2\/product"}],"about":[{"href":"https:\/\/evebegalli.com\/en\/wp-json\/wp\/v2\/types\/product"}],"version-history":[{"count":0,"href":"https:\/\/evebegalli.com\/en\/wp-json\/wp\/v2\/product\/13810\/revisions"}],"wp:featuredmedia":[{"embeddable":true,"href":"https:\/\/evebegalli.com\/en\/wp-json\/wp\/v2\/media\/13825"}],"wp:attachment":[{"href":"https:\/\/evebegalli.com\/en\/wp-json\/wp\/v2\/media?parent=13810"}],"wp:term":[{"taxonomy":"product_brand","embeddable":true,"href":"https:\/\/evebegalli.com\/en\/wp-json\/wp\/v2\/product_brand?post=13810"},{"taxonomy":"product_cat","embeddable":true,"href":"https:\/\/evebegalli.com\/en\/wp-json\/wp\/v2\/product_cat?post=13810"},{"taxonomy":"product_tag","embeddable":true,"href":"https:\/\/evebegalli.com\/en\/wp-json\/wp\/v2\/product_tag?post=13810"}],"curies":[{"name":"wp","href":"https:\/\/api.w.org\/{rel}","templated":true}]}}