{"id":13677,"date":"2022-04-10T17:18:48","date_gmt":"2022-04-10T17:18:48","guid":{"rendered":"https:\/\/evebegalli.com\/?post_type=product&#038;p=13677"},"modified":"2022-04-10T17:19:40","modified_gmt":"2022-04-10T17:19:40","slug":"fon-hohovi-benin-2","status":"publish","type":"product","link":"https:\/\/evebegalli.com\/en\/product\/fon-hohovi-benin-2\/","title":{"rendered":"Fon Hohovi, B\u00e9nin"},"content":{"rendered":"","protected":false},"excerpt":{"rendered":"<p>Ancienne statuette Hohovi r\u00e9alis\u00e9e \u00e0 la naissance de jumeaux. Les traits du visage estomp\u00e9s montrent qu\u2019elle a \u00e9t\u00e9 l\u2019objet de beaucoup de soins sur plusieurs g\u00e9n\u00e9rations. La beaut\u00e9 de cette figure caract\u00e9ris\u00e9e par une sculpture forte est exalt\u00e9e par une profonde patine miel.<\/p>\n<p><strong>Origin<\/strong><br \/>\nEx private collection from the south of France.<\/p>","protected":false},"featured_media":13691,"template":"","meta":{"_exactmetrics_skip_tracking":false,"_exactmetrics_sitenote_active":false,"_exactmetrics_sitenote_note":"","_exactmetrics_sitenote_category":0,"neve_meta_sidebar":"","neve_meta_container":"","neve_meta_enable_content_width":"on","neve_meta_content_width":100,"neve_meta_title_alignment":"","neve_meta_author_avatar":"","neve_post_elements_order":"","neve_meta_disable_header":"","neve_meta_disable_footer":"","neve_meta_disable_title":"","_themeisle_gutenberg_block_has_review":false},"product_brand":[],"product_cat":[27],"product_tag":[],"class_list":{"0":"post-13677","1":"product","2":"type-product","3":"status-publish","4":"has-post-thumbnail","6":"product_cat-statues","7":"pa_dimensions-h-135-cm","8":"pa_epoque-premiere-moitie-du-xxeme-siecle","9":"pa_ethnie-fon","10":"pa_materiaux-bois","11":"pa_pays-benin","13":"first","14":"instock","15":"sold-individually","16":"taxable","17":"shipping-taxable","18":"purchasable","19":"product-type-simple","20":"add-to-wishlist-before_image"},"_links":{"self":[{"href":"https:\/\/evebegalli.com\/en\/wp-json\/wp\/v2\/product\/13677","targetHints":{"allow":["GET"]}}],"collection":[{"href":"https:\/\/evebegalli.com\/en\/wp-json\/wp\/v2\/product"}],"about":[{"href":"https:\/\/evebegalli.com\/en\/wp-json\/wp\/v2\/types\/product"}],"version-history":[{"count":0,"href":"https:\/\/evebegalli.com\/en\/wp-json\/wp\/v2\/product\/13677\/revisions"}],"wp:featuredmedia":[{"embeddable":true,"href":"https:\/\/evebegalli.com\/en\/wp-json\/wp\/v2\/media\/13691"}],"wp:attachment":[{"href":"https:\/\/evebegalli.com\/en\/wp-json\/wp\/v2\/media?parent=13677"}],"wp:term":[{"taxonomy":"product_brand","embeddable":true,"href":"https:\/\/evebegalli.com\/en\/wp-json\/wp\/v2\/product_brand?post=13677"},{"taxonomy":"product_cat","embeddable":true,"href":"https:\/\/evebegalli.com\/en\/wp-json\/wp\/v2\/product_cat?post=13677"},{"taxonomy":"product_tag","embeddable":true,"href":"https:\/\/evebegalli.com\/en\/wp-json\/wp\/v2\/product_tag?post=13677"}],"curies":[{"name":"wp","href":"https:\/\/api.w.org\/{rel}","templated":true}]}}