{"id":13612,"date":"2022-04-09T09:46:50","date_gmt":"2022-04-09T09:46:50","guid":{"rendered":"https:\/\/evebegalli.com\/?post_type=product&#038;p=13612"},"modified":"2022-04-09T10:54:35","modified_gmt":"2022-04-09T10:54:35","slug":"statuette-colon-baoule-agni-blolo-bian-cote-divoire","status":"publish","type":"product","link":"https:\/\/evebegalli.com\/en\/product\/statuette-colon-baoule-agni-blolo-bian-cote-divoire\/","title":{"rendered":"Statuette colon Baoul\u00e9\/Agni Blolo Bian, C\u00f4te d&rsquo;Ivoire"},"content":{"rendered":"","protected":false},"excerpt":{"rendered":"<p>Fine et d\u00e9licate statuette repr\u00e9sentant un personnage masculin v\u00eatu d&rsquo;un short debout sur un socle circulaire. Le visage doux et serein, taill\u00e9 tout en rondeur est anim\u00e9 d&rsquo;un regard mi-clos et \u00e9l\u00e9gamment sculpt\u00e9 sur un long cou annel\u00e9, le tout surmont\u00e9 d\u2019une belle coiffe faite d&rsquo;un important chignon central flanqu\u00e9 d&rsquo;une succession de tresses plaqu\u00e9es le long des tempes. Les bras sont repli\u00e9s sur le ventre, les mains jointes sur l&rsquo;abdomen autour de l\u2019ombilic pour souligner l&rsquo;importance de la transmission de la vie.<br \/>\nLa tr\u00e8s belle patine miel laqu\u00e9e d&rsquo;un noir profond encore lisible par endroits montre les soins r\u00e9p\u00e9t\u00e9s qui lui ont \u00e9t\u00e9 prodigu\u00e9s par son ancien propri\u00e9taire, permettant de l&rsquo;interpr\u00e9ter comme un <em>blolo bian<\/em> qui signifie \u00ab \u00e9poux spirituel \u00bb.<br \/>\nLes Baule croient qu&rsquo;avant la naissance, les \u00eatres humains ont tous des conjoints\u00a0<em>blolo bian<\/em>\u00a0et <em>blolo bla ou <\/em>\u00ab \u00e9pouse spirituelle \u00bb dans l&rsquo;autre monde, appel\u00e9 <em>Blolo, <\/em>et que ces esprits ont une influence sur leur vie humaine. Lorsqu&rsquo;une personne baoul\u00e9 subit une forme de d\u00e9tresse, qu&rsquo;elle soit physique ou spirituelle, elle peut consulter un devin. La divination r\u00e9v\u00e8le g\u00e9n\u00e9ralement que son conjoint spirituel es en col\u00e8re et est la cause d&rsquo;une telle d\u00e9tresse. La solution est de faire sculpter une figure en bois et de lui consacrer un sanctuaire priv\u00e9, appel\u00e9 <em>tata<\/em>, pour que l&rsquo;esprit vengeur puisse \u00eatre apais\u00e9.<\/p>\n<p><strong>Origin<\/strong><br \/>\nEx private collection from the south of France.<\/p>","protected":false},"featured_media":13643,"template":"","meta":{"_exactmetrics_skip_tracking":false,"_exactmetrics_sitenote_active":false,"_exactmetrics_sitenote_note":"","_exactmetrics_sitenote_category":0,"neve_meta_sidebar":"","neve_meta_container":"","neve_meta_enable_content_width":"on","neve_meta_content_width":100,"neve_meta_title_alignment":"","neve_meta_author_avatar":"","neve_post_elements_order":"","neve_meta_disable_header":"","neve_meta_disable_footer":"","neve_meta_disable_title":"","_themeisle_gutenberg_block_has_review":false},"product_brand":[],"product_cat":[27],"product_tag":[],"class_list":{"0":"post-13612","1":"product","2":"type-product","3":"status-publish","4":"has-post-thumbnail","6":"product_cat-statues","7":"pa_dimensions-h-28cm","8":"pa_epoque-premiere-moitie-du-xxeme-siecle","9":"pa_ethnie-agni","10":"pa_ethnie-baoule","11":"pa_materiaux-bois","12":"pa_pays-cote-divoire","14":"first","15":"instock","16":"sold-individually","17":"taxable","18":"shipping-taxable","19":"purchasable","20":"product-type-simple","21":"add-to-wishlist-before_image"},"_links":{"self":[{"href":"https:\/\/evebegalli.com\/en\/wp-json\/wp\/v2\/product\/13612","targetHints":{"allow":["GET"]}}],"collection":[{"href":"https:\/\/evebegalli.com\/en\/wp-json\/wp\/v2\/product"}],"about":[{"href":"https:\/\/evebegalli.com\/en\/wp-json\/wp\/v2\/types\/product"}],"version-history":[{"count":0,"href":"https:\/\/evebegalli.com\/en\/wp-json\/wp\/v2\/product\/13612\/revisions"}],"wp:featuredmedia":[{"embeddable":true,"href":"https:\/\/evebegalli.com\/en\/wp-json\/wp\/v2\/media\/13643"}],"wp:attachment":[{"href":"https:\/\/evebegalli.com\/en\/wp-json\/wp\/v2\/media?parent=13612"}],"wp:term":[{"taxonomy":"product_brand","embeddable":true,"href":"https:\/\/evebegalli.com\/en\/wp-json\/wp\/v2\/product_brand?post=13612"},{"taxonomy":"product_cat","embeddable":true,"href":"https:\/\/evebegalli.com\/en\/wp-json\/wp\/v2\/product_cat?post=13612"},{"taxonomy":"product_tag","embeddable":true,"href":"https:\/\/evebegalli.com\/en\/wp-json\/wp\/v2\/product_tag?post=13612"}],"curies":[{"name":"wp","href":"https:\/\/api.w.org\/{rel}","templated":true}]}}