{"id":13563,"date":"2022-04-05T17:53:24","date_gmt":"2022-04-05T17:53:24","guid":{"rendered":"https:\/\/evebegalli.com\/?post_type=product&#038;p=13563"},"modified":"2022-04-05T18:52:23","modified_gmt":"2022-04-05T18:52:23","slug":"fon-bocio-benin-2","status":"publish","type":"product","link":"https:\/\/evebegalli.com\/en\/product\/fon-bocio-benin-2\/","title":{"rendered":"Fon piquet Bocio, B\u00e9nin"},"content":{"rendered":"","protected":false},"excerpt":{"rendered":"<p>Tr\u00e8s beau petit bochio\u00a0debout sur une base circulaire avec piquet en m\u00e9tal afin de le planter dans le sol. Un personnage f\u00e9minin aux traits minimalistes, le cr\u00e2ne lisse, les bras coll\u00e9s au corps, les mains sur l&rsquo;abdomen, recouvert d&rsquo;une \u00e9paisse cro\u00fbte de sang due \u00e0 de nombreuses libations. Belle pi\u00e8ce de collection ancienne.<\/p>\n<p><strong>Origin<\/strong><br \/>\nEx private collection from the south of France.<\/p>","protected":false},"featured_media":13565,"template":"","meta":{"_exactmetrics_skip_tracking":false,"_exactmetrics_sitenote_active":false,"_exactmetrics_sitenote_note":"","_exactmetrics_sitenote_category":0,"neve_meta_sidebar":"","neve_meta_container":"","neve_meta_enable_content_width":"on","neve_meta_content_width":100,"neve_meta_title_alignment":"","neve_meta_author_avatar":"","neve_post_elements_order":"","neve_meta_disable_header":"","neve_meta_disable_footer":"","neve_meta_disable_title":"","_themeisle_gutenberg_block_has_review":false},"product_brand":[],"product_cat":[27],"product_tag":[],"class_list":{"0":"post-13563","1":"product","2":"type-product","3":"status-publish","4":"has-post-thumbnail","6":"product_cat-statues","7":"pa_dimensions-h-27-cm","8":"pa_epoque-premiere-moitie-du-xxeme-siecle","9":"pa_ethnie-fon","10":"pa_materiaux-bois-fer-patine-de-sang","11":"pa_pays-benin","13":"first","14":"instock","15":"sold-individually","16":"taxable","17":"shipping-taxable","18":"purchasable","19":"product-type-simple","20":"add-to-wishlist-before_image"},"_links":{"self":[{"href":"https:\/\/evebegalli.com\/en\/wp-json\/wp\/v2\/product\/13563","targetHints":{"allow":["GET"]}}],"collection":[{"href":"https:\/\/evebegalli.com\/en\/wp-json\/wp\/v2\/product"}],"about":[{"href":"https:\/\/evebegalli.com\/en\/wp-json\/wp\/v2\/types\/product"}],"version-history":[{"count":0,"href":"https:\/\/evebegalli.com\/en\/wp-json\/wp\/v2\/product\/13563\/revisions"}],"wp:featuredmedia":[{"embeddable":true,"href":"https:\/\/evebegalli.com\/en\/wp-json\/wp\/v2\/media\/13565"}],"wp:attachment":[{"href":"https:\/\/evebegalli.com\/en\/wp-json\/wp\/v2\/media?parent=13563"}],"wp:term":[{"taxonomy":"product_brand","embeddable":true,"href":"https:\/\/evebegalli.com\/en\/wp-json\/wp\/v2\/product_brand?post=13563"},{"taxonomy":"product_cat","embeddable":true,"href":"https:\/\/evebegalli.com\/en\/wp-json\/wp\/v2\/product_cat?post=13563"},{"taxonomy":"product_tag","embeddable":true,"href":"https:\/\/evebegalli.com\/en\/wp-json\/wp\/v2\/product_tag?post=13563"}],"curies":[{"name":"wp","href":"https:\/\/api.w.org\/{rel}","templated":true}]}}