{"id":1353,"date":"2019-10-24T12:39:52","date_gmt":"2019-10-24T12:39:52","guid":{"rendered":"https:\/\/evebegalli.com\/?post_type=product&#038;p=1353"},"modified":"2020-11-01T06:25:08","modified_gmt":"2020-11-01T06:25:08","slug":"statue-feminine-maternite-katielo-senoufo-cote-divoire","status":"publish","type":"product","link":"https:\/\/evebegalli.com\/en\/product\/statue-feminine-maternite-katielo-senoufo-cote-divoire\/","title":{"rendered":"Statue F\u00e9minine, Maternit\u00e9, Katielo, Senoufo, C\u00f4te d&rsquo;Ivoire"},"content":{"rendered":"<div class=\"epyt-video-wrapper\"><iframe  id=\"_ytid_35967\"  width=\"1200\" height=\"675\"  data-origwidth=\"1200\" data-origheight=\"675\" src=\"https:\/\/www.youtube.com\/embed\/-lCOkyHltW0?enablejsapi=1&autoplay=0&cc_load_policy=0&cc_lang_pref=&iv_load_policy=1&loop=0&rel=0&fs=1&playsinline=0&autohide=2&theme=dark&color=red&controls=1&disablekb=0&\" class=\"__youtube_prefs__  no-lazyload\" title=\"YouTube player\"  allow=\"fullscreen; accelerometer; autoplay; clipboard-write; encrypted-media; gyroscope; picture-in-picture; web-share\" referrerpolicy=\"strict-origin-when-cross-origin\" allowfullscreen data-no-lazy=\"1\" data-skipgform_ajax_framebjll=\"\"><\/iframe><\/div>","protected":false},"excerpt":{"rendered":"<p>Importante statue repr\u00e9sentant une femme assise sur un tabouret, dans une posture hi\u00e9ratique, tenant dans ses bras un enfant, renvoyant \u00e0 la \u00abM\u00e8re primordiale\u00bb du <em>Poro<\/em>.<br \/>\nLe corps est tr\u00e8s \u00e9lanc\u00e9 et rythm\u00e9 par une forte dynamique des formes, associant courbes tendues et plans inclin\u00e9s qui s&rsquo;inscrivent avec force dans l&rsquo;espace. A la tension du visage, des seins et des \u00e9paules projet\u00e9s vers l&rsquo;avant r\u00e9pond la sinueuse courbe du dos en un parfait agencement des volumes.\u00a0 La sobri\u00e9t\u00e9 du visage prognathe, caract\u00e9ris\u00e9e par des yeux mi-clos, un nez fin et long et des scarifications rayonnant autour des commissures d&rsquo;une fine bouche aux l\u00e8vres en relief, renforcent le sentiment de dignit\u00e9 et de puissance. La coiffure \u00e9labor\u00e9e est constitu\u00e9e de quatre chignons retombant de chaque cot\u00e9s de la t\u00eate.<br \/>\nEnfin la profonde patine noire &#8211; brun rouge et suintante, rappelle les nombreuses onctions dont elle a \u00e9t\u00e9 l&rsquo;objet lors des rites divinatoires et atteste ici non seulement son anciennet\u00e9, mais \u00e9galement une manipulation analogue \u00e0 celle des statues <em>d\u00e9bl\u00e9<\/em>.<\/p>\n<p><strong>Origin<\/strong><br \/>\nCollect\u00e9e in situ en 1960 par Gabriel Sala<br \/>\nEx Collection Safari Museum, ca. 1980 Montverdun<br \/>\nEx Collection Marc Cohen, Saint-Rapha\u00ebl, acquired in 2011<br \/>\nEve Begalli collection, Grenoble, acquired in 2015<\/p>\n<div>\n<p><a href=\"https:\/\/www.pressreader.com\/monaco\/monaco-matin\/20161028\/281779923672562\">https:\/\/www.pressreader.com\/monaco\/monaco-matin\/20161028\/281779923672562<\/a><\/p>\n<\/div>","protected":false},"featured_media":1325,"template":"","meta":{"_exactmetrics_skip_tracking":false,"_exactmetrics_sitenote_active":false,"_exactmetrics_sitenote_note":"","_exactmetrics_sitenote_category":0,"neve_meta_sidebar":"","neve_meta_container":"","neve_meta_enable_content_width":"on","neve_meta_content_width":100,"neve_meta_title_alignment":"","neve_meta_author_avatar":"","neve_post_elements_order":"","neve_meta_disable_header":"","neve_meta_disable_footer":"","neve_meta_disable_title":"","_themeisle_gutenberg_block_has_review":false},"product_brand":[],"product_cat":[27],"product_tag":[],"class_list":{"0":"post-1353","1":"product","2":"type-product","3":"status-publish","4":"has-post-thumbnail","6":"product_cat-statues","7":"pa_dimensions-h-92-cm","8":"pa_epoque-circa-1950","9":"pa_ethnie-senoufo","10":"pa_materiaux-bois","11":"pa_pays-cote-divoire","13":"first","14":"outofstock","15":"sold-individually","16":"taxable","17":"shipping-taxable","18":"product-type-simple","19":"add-to-wishlist-before_image"},"_links":{"self":[{"href":"https:\/\/evebegalli.com\/en\/wp-json\/wp\/v2\/product\/1353","targetHints":{"allow":["GET"]}}],"collection":[{"href":"https:\/\/evebegalli.com\/en\/wp-json\/wp\/v2\/product"}],"about":[{"href":"https:\/\/evebegalli.com\/en\/wp-json\/wp\/v2\/types\/product"}],"version-history":[{"count":0,"href":"https:\/\/evebegalli.com\/en\/wp-json\/wp\/v2\/product\/1353\/revisions"}],"wp:featuredmedia":[{"embeddable":true,"href":"https:\/\/evebegalli.com\/en\/wp-json\/wp\/v2\/media\/1325"}],"wp:attachment":[{"href":"https:\/\/evebegalli.com\/en\/wp-json\/wp\/v2\/media?parent=1353"}],"wp:term":[{"taxonomy":"product_brand","embeddable":true,"href":"https:\/\/evebegalli.com\/en\/wp-json\/wp\/v2\/product_brand?post=1353"},{"taxonomy":"product_cat","embeddable":true,"href":"https:\/\/evebegalli.com\/en\/wp-json\/wp\/v2\/product_cat?post=1353"},{"taxonomy":"product_tag","embeddable":true,"href":"https:\/\/evebegalli.com\/en\/wp-json\/wp\/v2\/product_tag?post=1353"}],"curies":[{"name":"wp","href":"https:\/\/api.w.org\/{rel}","templated":true}]}}