{"id":13450,"date":"2022-04-03T16:12:37","date_gmt":"2022-04-03T16:12:37","guid":{"rendered":"https:\/\/evebegalli.com\/?post_type=product&#038;p=13450"},"modified":"2025-03-11T15:20:44","modified_gmt":"2025-03-11T15:20:44","slug":"statue-colon-senoufo-cote-divoire","status":"publish","type":"product","link":"https:\/\/evebegalli.com\/en\/product\/statue-colon-senoufo-cote-divoire\/","title":{"rendered":"Statue Colon Senoufo, C\u00f4te d&rsquo;Ivoire"},"content":{"rendered":"","protected":false},"excerpt":{"rendered":"<p>Magnifique statuette Senoufo en bois peint repr\u00e9sentant un personnage debout, le visage aux traits typiques, les mains dans les poches, arborant une attitude et un accoutrement europ\u00e9en. Tr\u00e8s belle r\u00e9alisation de l&rsquo;art \u00ab Colon \u00bb rappelant l&rsquo;image de l&rsquo;occidental dans l&rsquo;art africain. Ces sculptures repr\u00e9sentent souvent des fonctionnaires coloniaux europ\u00e9ens, tels que des m\u00e9decins, des soldats ou des techniciens. Ils sont caract\u00e9ris\u00e9s par des motifs d\u00e9coratifs r\u00e9currents, tels que des casques de moelle, des costumes ou des uniformes, et ils sont repr\u00e9sent\u00e9s souvent les mains dans les poches et sont peints dans des couleurs vives et brillantes.<\/p>\n<p><strong>Origin<\/strong><br \/>\nEx private collection from the south of France.<\/p>","protected":false},"featured_media":13473,"template":"","meta":{"_exactmetrics_skip_tracking":false,"_exactmetrics_sitenote_active":false,"_exactmetrics_sitenote_note":"","_exactmetrics_sitenote_category":0,"neve_meta_sidebar":"","neve_meta_container":"","neve_meta_enable_content_width":"on","neve_meta_content_width":100,"neve_meta_title_alignment":"","neve_meta_author_avatar":"","neve_post_elements_order":"","neve_meta_disable_header":"","neve_meta_disable_footer":"","neve_meta_disable_title":"","_themeisle_gutenberg_block_has_review":false},"product_brand":[],"product_cat":[27],"product_tag":[],"class_list":{"0":"post-13450","1":"product","2":"type-product","3":"status-publish","4":"has-post-thumbnail","6":"product_cat-statues","7":"pa_dimensions-h-34cm","8":"pa_epoque-premiere-moitie-du-xxeme-siecle","9":"pa_ethnie-senoufo","10":"pa_materiaux-bois-peinture-ripolin","11":"pa_pays-cote-divoire","13":"first","14":"outofstock","15":"sold-individually","16":"taxable","17":"shipping-taxable","18":"product-type-simple","19":"add-to-wishlist-before_image"},"_links":{"self":[{"href":"https:\/\/evebegalli.com\/en\/wp-json\/wp\/v2\/product\/13450","targetHints":{"allow":["GET"]}}],"collection":[{"href":"https:\/\/evebegalli.com\/en\/wp-json\/wp\/v2\/product"}],"about":[{"href":"https:\/\/evebegalli.com\/en\/wp-json\/wp\/v2\/types\/product"}],"version-history":[{"count":1,"href":"https:\/\/evebegalli.com\/en\/wp-json\/wp\/v2\/product\/13450\/revisions"}],"predecessor-version":[{"id":18138,"href":"https:\/\/evebegalli.com\/en\/wp-json\/wp\/v2\/product\/13450\/revisions\/18138"}],"wp:featuredmedia":[{"embeddable":true,"href":"https:\/\/evebegalli.com\/en\/wp-json\/wp\/v2\/media\/13473"}],"wp:attachment":[{"href":"https:\/\/evebegalli.com\/en\/wp-json\/wp\/v2\/media?parent=13450"}],"wp:term":[{"taxonomy":"product_brand","embeddable":true,"href":"https:\/\/evebegalli.com\/en\/wp-json\/wp\/v2\/product_brand?post=13450"},{"taxonomy":"product_cat","embeddable":true,"href":"https:\/\/evebegalli.com\/en\/wp-json\/wp\/v2\/product_cat?post=13450"},{"taxonomy":"product_tag","embeddable":true,"href":"https:\/\/evebegalli.com\/en\/wp-json\/wp\/v2\/product_tag?post=13450"}],"curies":[{"name":"wp","href":"https:\/\/api.w.org\/{rel}","templated":true}]}}