{"id":13308,"date":"2022-03-20T14:06:29","date_gmt":"2022-03-20T14:06:29","guid":{"rendered":"https:\/\/evebegalli.com\/?post_type=product&#038;p=13308"},"modified":"2022-03-20T14:07:23","modified_gmt":"2022-03-20T14:07:23","slug":"ewe-fetiche-togo-ghana-4","status":"publish","type":"product","link":"https:\/\/evebegalli.com\/en\/product\/ewe-fetiche-togo-ghana-4\/","title":{"rendered":"Ewe f\u00e9tiche, Togo\/Ghana"},"content":{"rendered":"","protected":false},"excerpt":{"rendered":"<p>Beau et ancien f\u00e9tiche de forme tr\u00e8s \u00e9lanc\u00e9e recouvert d&rsquo;une \u00e9paisse patine de sang et traces de pigments bleus. Visage expressif les yeux en amande et la bouche ouverte.<\/p>\n<p><strong>Origin<\/strong><br \/>\nEx private collection from the south of France.<\/p>","protected":false},"featured_media":13329,"template":"","meta":{"_exactmetrics_skip_tracking":false,"_exactmetrics_sitenote_active":false,"_exactmetrics_sitenote_note":"","_exactmetrics_sitenote_category":0,"neve_meta_sidebar":"","neve_meta_container":"","neve_meta_enable_content_width":"on","neve_meta_content_width":100,"neve_meta_title_alignment":"","neve_meta_author_avatar":"","neve_post_elements_order":"","neve_meta_disable_header":"","neve_meta_disable_footer":"","neve_meta_disable_title":"","_themeisle_gutenberg_block_has_review":false},"product_brand":[],"product_cat":[27],"product_tag":[],"class_list":{"0":"post-13308","1":"product","2":"type-product","3":"status-publish","4":"has-post-thumbnail","6":"product_cat-statues","7":"pa_dimensions-h-485-cm","8":"pa_epoque-premiere-moitie-du-xxeme-siecle","9":"pa_ethnie-ewe","10":"pa_materiaux-bois-patine-de-sang-tissus","11":"pa_pays-togo-ghana","13":"first","14":"instock","15":"sold-individually","16":"taxable","17":"shipping-taxable","18":"purchasable","19":"product-type-simple","20":"add-to-wishlist-before_image"},"_links":{"self":[{"href":"https:\/\/evebegalli.com\/en\/wp-json\/wp\/v2\/product\/13308","targetHints":{"allow":["GET"]}}],"collection":[{"href":"https:\/\/evebegalli.com\/en\/wp-json\/wp\/v2\/product"}],"about":[{"href":"https:\/\/evebegalli.com\/en\/wp-json\/wp\/v2\/types\/product"}],"version-history":[{"count":0,"href":"https:\/\/evebegalli.com\/en\/wp-json\/wp\/v2\/product\/13308\/revisions"}],"wp:featuredmedia":[{"embeddable":true,"href":"https:\/\/evebegalli.com\/en\/wp-json\/wp\/v2\/media\/13329"}],"wp:attachment":[{"href":"https:\/\/evebegalli.com\/en\/wp-json\/wp\/v2\/media?parent=13308"}],"wp:term":[{"taxonomy":"product_brand","embeddable":true,"href":"https:\/\/evebegalli.com\/en\/wp-json\/wp\/v2\/product_brand?post=13308"},{"taxonomy":"product_cat","embeddable":true,"href":"https:\/\/evebegalli.com\/en\/wp-json\/wp\/v2\/product_cat?post=13308"},{"taxonomy":"product_tag","embeddable":true,"href":"https:\/\/evebegalli.com\/en\/wp-json\/wp\/v2\/product_tag?post=13308"}],"curies":[{"name":"wp","href":"https:\/\/api.w.org\/{rel}","templated":true}]}}