{"id":13202,"date":"2022-03-19T13:30:13","date_gmt":"2022-03-19T13:30:13","guid":{"rendered":"https:\/\/evebegalli.com\/?post_type=product&#038;p=13202"},"modified":"2022-03-19T13:31:56","modified_gmt":"2022-03-19T13:31:56","slug":"masque-buffle-baoule-cote-divoire","status":"publish","type":"product","link":"https:\/\/evebegalli.com\/en\/product\/masque-buffle-baoule-cote-divoire\/","title":{"rendered":"Masque buffle Baoul\u00e9, C\u00f4te d&rsquo;Ivoire"},"content":{"rendered":"<p>&nbsp;<\/p>\n<p>&nbsp;<\/p>","protected":false},"excerpt":{"rendered":"<p>Beau masque de C\u00f4te d&rsquo;Ivoire repr\u00e9sentant une t\u00eate de bovid\u00e9. Le buffle est symbole de fertilit\u00e9. Le front, large et bomb\u00e9, est surmont\u00e9 de deux cornes recourb\u00e9es se rejoignant \u00e0 leur extr\u00e9mit\u00e9. Les yeux sont sculpt\u00e9s en forme de demi-lunes superpos\u00e9es, le nez allong\u00e9 rappelle celui d\u2019un humain. La gueule ouverte laisse entrevoir la dentition stylis\u00e9 de l\u2019animal, visible sur les c\u00f4t\u00e9s, soulign\u00e9e avec des traits rehauss\u00e9s au colorant noir. Le masque est recouvert d\u2019une peinture ripolin. La sculpture est fine, le masque d\u00e9gage un sentiment de douceur et de force.<\/p>\n<p><strong>Origin<\/strong><br \/>\nEx private collection from the south of France.<\/p>","protected":false},"featured_media":13211,"template":"","meta":{"_exactmetrics_skip_tracking":false,"_exactmetrics_sitenote_active":false,"_exactmetrics_sitenote_note":"","_exactmetrics_sitenote_category":0,"neve_meta_sidebar":"","neve_meta_container":"","neve_meta_enable_content_width":"on","neve_meta_content_width":100,"neve_meta_title_alignment":"","neve_meta_author_avatar":"","neve_post_elements_order":"","neve_meta_disable_header":"","neve_meta_disable_footer":"","neve_meta_disable_title":"","_themeisle_gutenberg_block_has_review":false},"product_brand":[],"product_cat":[26],"product_tag":[],"class_list":{"0":"post-13202","1":"product","2":"type-product","3":"status-publish","4":"has-post-thumbnail","6":"product_cat-masques","7":"pa_dimensions-h-27-cm","8":"pa_epoque-circa-1950","9":"pa_ethnie-baoule","10":"pa_materiaux-bois-peinture-ripolin","11":"pa_pays-cote-divoire","13":"first","14":"instock","15":"sold-individually","16":"taxable","17":"shipping-taxable","18":"purchasable","19":"product-type-simple","20":"add-to-wishlist-before_image"},"_links":{"self":[{"href":"https:\/\/evebegalli.com\/en\/wp-json\/wp\/v2\/product\/13202","targetHints":{"allow":["GET"]}}],"collection":[{"href":"https:\/\/evebegalli.com\/en\/wp-json\/wp\/v2\/product"}],"about":[{"href":"https:\/\/evebegalli.com\/en\/wp-json\/wp\/v2\/types\/product"}],"version-history":[{"count":1,"href":"https:\/\/evebegalli.com\/en\/wp-json\/wp\/v2\/product\/13202\/revisions"}],"predecessor-version":[{"id":18284,"href":"https:\/\/evebegalli.com\/en\/wp-json\/wp\/v2\/product\/13202\/revisions\/18284"}],"wp:featuredmedia":[{"embeddable":true,"href":"https:\/\/evebegalli.com\/en\/wp-json\/wp\/v2\/media\/13211"}],"wp:attachment":[{"href":"https:\/\/evebegalli.com\/en\/wp-json\/wp\/v2\/media?parent=13202"}],"wp:term":[{"taxonomy":"product_brand","embeddable":true,"href":"https:\/\/evebegalli.com\/en\/wp-json\/wp\/v2\/product_brand?post=13202"},{"taxonomy":"product_cat","embeddable":true,"href":"https:\/\/evebegalli.com\/en\/wp-json\/wp\/v2\/product_cat?post=13202"},{"taxonomy":"product_tag","embeddable":true,"href":"https:\/\/evebegalli.com\/en\/wp-json\/wp\/v2\/product_tag?post=13202"}],"curies":[{"name":"wp","href":"https:\/\/api.w.org\/{rel}","templated":true}]}}