{"id":13193,"date":"2022-03-18T13:03:18","date_gmt":"2022-03-18T13:03:18","guid":{"rendered":"https:\/\/evebegalli.com\/?post_type=product&#038;p=13193"},"modified":"2022-03-18T13:04:25","modified_gmt":"2022-03-18T13:04:25","slug":"ewe-fetiche-togo-3","status":"publish","type":"product","link":"https:\/\/evebegalli.com\/en\/product\/ewe-fetiche-togo-3\/","title":{"rendered":"Ewe Fetish, Togo"},"content":{"rendered":"","protected":false},"excerpt":{"rendered":"<p>Bel objet de culte Vaudou, le visage \u00e0 l\u2019expression particuli\u00e8re. Une charge magique assez lourde est pr\u00e9sente dans le dos. Le corps est entour\u00e9 d\u2019un tissus et recouvert d\u2019une \u00e9paisse patine sacrificielle tr\u00e8s ancienne attestant d\u2019une longue utilisation rituelle.<\/p>\n<p><strong>Origin<\/strong><br \/>\nEx private collection from the south of France.<\/p>","protected":false},"featured_media":13198,"template":"","meta":{"_exactmetrics_skip_tracking":false,"_exactmetrics_sitenote_active":false,"_exactmetrics_sitenote_note":"","_exactmetrics_sitenote_category":0,"neve_meta_sidebar":"","neve_meta_container":"","neve_meta_enable_content_width":"on","neve_meta_content_width":100,"neve_meta_title_alignment":"","neve_meta_author_avatar":"","neve_post_elements_order":"","neve_meta_disable_header":"","neve_meta_disable_footer":"","neve_meta_disable_title":"","_themeisle_gutenberg_block_has_review":false},"product_brand":[],"product_cat":[27],"product_tag":[],"class_list":{"0":"post-13193","1":"product","2":"type-product","3":"status-publish","4":"has-post-thumbnail","6":"product_cat-statues","7":"pa_dimensions-h-21-cm","8":"pa_epoque-circa-1950","9":"pa_ethnie-ewe","10":"pa_materiaux-bois-patine-sacrificielle","11":"pa_materiaux-cadenas-cordes","12":"pa_materiaux-cauris","13":"pa_materiaux-tissus","14":"pa_pays-togo","16":"first","17":"instock","18":"sold-individually","19":"taxable","20":"shipping-taxable","21":"purchasable","22":"product-type-simple","23":"add-to-wishlist-before_image"},"_links":{"self":[{"href":"https:\/\/evebegalli.com\/en\/wp-json\/wp\/v2\/product\/13193","targetHints":{"allow":["GET"]}}],"collection":[{"href":"https:\/\/evebegalli.com\/en\/wp-json\/wp\/v2\/product"}],"about":[{"href":"https:\/\/evebegalli.com\/en\/wp-json\/wp\/v2\/types\/product"}],"version-history":[{"count":0,"href":"https:\/\/evebegalli.com\/en\/wp-json\/wp\/v2\/product\/13193\/revisions"}],"wp:featuredmedia":[{"embeddable":true,"href":"https:\/\/evebegalli.com\/en\/wp-json\/wp\/v2\/media\/13198"}],"wp:attachment":[{"href":"https:\/\/evebegalli.com\/en\/wp-json\/wp\/v2\/media?parent=13193"}],"wp:term":[{"taxonomy":"product_brand","embeddable":true,"href":"https:\/\/evebegalli.com\/en\/wp-json\/wp\/v2\/product_brand?post=13193"},{"taxonomy":"product_cat","embeddable":true,"href":"https:\/\/evebegalli.com\/en\/wp-json\/wp\/v2\/product_cat?post=13193"},{"taxonomy":"product_tag","embeddable":true,"href":"https:\/\/evebegalli.com\/en\/wp-json\/wp\/v2\/product_tag?post=13193"}],"curies":[{"name":"wp","href":"https:\/\/api.w.org\/{rel}","templated":true}]}}