{"id":13180,"date":"2022-03-18T12:09:29","date_gmt":"2022-03-18T12:09:29","guid":{"rendered":"https:\/\/evebegalli.com\/?post_type=product&#038;p=13180"},"modified":"2022-04-11T20:26:10","modified_gmt":"2022-04-11T20:26:10","slug":"ewe-grand-fetiche-togo","status":"publish","type":"product","link":"https:\/\/evebegalli.com\/en\/product\/ewe-grand-fetiche-togo\/","title":{"rendered":"Ewe grand f\u00e9tiche, Togo"},"content":{"rendered":"","protected":false},"excerpt":{"rendered":"<p>Majestueux personnage se tenant debout, habill\u00e9e de plusieurs \u00e9paisseurs de tissus de couleur rouge et noir, renvoient aux soci\u00e9t\u00e9s secr\u00e8tes, et retenant des fers comme le tige ondulante qui repr\u00e9sente Dan ou Dangb\u00e9, le vaudou-serpent et la haches biface, le vodun de la foudre Hevieso. Une chaine autour du cou \u00e0 laquelle sont accroch\u00e9s des cadenas et une clochette. Les cadenas servent \u00e0 \u00ab enfermer \u00bb les forces du mal. Visage bien sculpt\u00e9 et expressif recouvert de kaolin et traces de pigments bleu. Belle solution plastique, l&rsquo;ensemble produisant un grand effet de puissance et de force.<\/p>\n<p><strong>Origin<\/strong><br \/>\nEx private collection from the south of France.<\/p>","protected":false},"featured_media":13191,"template":"","meta":{"_exactmetrics_skip_tracking":false,"_exactmetrics_sitenote_active":false,"_exactmetrics_sitenote_note":"","_exactmetrics_sitenote_category":0,"neve_meta_sidebar":"","neve_meta_container":"","neve_meta_enable_content_width":"on","neve_meta_content_width":100,"neve_meta_title_alignment":"","neve_meta_author_avatar":"","neve_post_elements_order":"","neve_meta_disable_header":"","neve_meta_disable_footer":"","neve_meta_disable_title":"","_themeisle_gutenberg_block_has_review":false},"product_brand":[],"product_cat":[27],"product_tag":[],"class_list":{"0":"post-13180","1":"product","2":"type-product","3":"status-publish","4":"has-post-thumbnail","6":"product_cat-statues","7":"pa_dimensions-h-68-cm","8":"pa_epoque-circa-1950","9":"pa_ethnie-ewe","10":"pa_materiaux-bois-cordes-tissus-fers-fibres-vegetales-pigments-bleus","11":"pa_materiaux-cadenas-kaolin","12":"pa_materiaux-clochette","13":"pa_pays-togo","15":"first","16":"instock","17":"sold-individually","18":"taxable","19":"shipping-taxable","20":"purchasable","21":"product-type-simple","22":"add-to-wishlist-before_image"},"_links":{"self":[{"href":"https:\/\/evebegalli.com\/en\/wp-json\/wp\/v2\/product\/13180","targetHints":{"allow":["GET"]}}],"collection":[{"href":"https:\/\/evebegalli.com\/en\/wp-json\/wp\/v2\/product"}],"about":[{"href":"https:\/\/evebegalli.com\/en\/wp-json\/wp\/v2\/types\/product"}],"version-history":[{"count":0,"href":"https:\/\/evebegalli.com\/en\/wp-json\/wp\/v2\/product\/13180\/revisions"}],"wp:featuredmedia":[{"embeddable":true,"href":"https:\/\/evebegalli.com\/en\/wp-json\/wp\/v2\/media\/13191"}],"wp:attachment":[{"href":"https:\/\/evebegalli.com\/en\/wp-json\/wp\/v2\/media?parent=13180"}],"wp:term":[{"taxonomy":"product_brand","embeddable":true,"href":"https:\/\/evebegalli.com\/en\/wp-json\/wp\/v2\/product_brand?post=13180"},{"taxonomy":"product_cat","embeddable":true,"href":"https:\/\/evebegalli.com\/en\/wp-json\/wp\/v2\/product_cat?post=13180"},{"taxonomy":"product_tag","embeddable":true,"href":"https:\/\/evebegalli.com\/en\/wp-json\/wp\/v2\/product_tag?post=13180"}],"curies":[{"name":"wp","href":"https:\/\/api.w.org\/{rel}","templated":true}]}}