{"id":13169,"date":"2022-03-18T11:47:56","date_gmt":"2022-03-18T11:47:56","guid":{"rendered":"https:\/\/evebegalli.com\/?post_type=product&#038;p=13169"},"modified":"2022-03-28T20:21:05","modified_gmt":"2022-03-28T20:21:05","slug":"ewe-poteau-fetiche-togo-ghana","status":"publish","type":"product","link":"https:\/\/evebegalli.com\/en\/product\/ewe-poteau-fetiche-togo-ghana\/","title":{"rendered":"Ewe poteau f\u00e9tiche, Togo\/Ghana"},"content":{"rendered":"","protected":false},"excerpt":{"rendered":"<p>Superbe poteau f\u00e9tiche Ewe, le corps entour\u00e9 de tissus rouge et noir, \u00e0 sa base une multitude de cadenas. Beau visage sculpt\u00e9 tr\u00e8s fin et expressif avec traces de kaolin et pigments bleus de lessive. On peut identifier sa puissance \u00e0 partir de certains attributs, dans ce cas la haches biface, le vodun de la foudre Hevieso est plant\u00e9e au sommet de la t\u00eate et le cou est\u00a0 entour\u00e9 de chaines et cadenas. Les cadenas servent \u00e0 \u00ab enfermer \u00bb les forces du mal. Deux petits cr\u00e2nes donnent le pouvoir qui appartenait aux animaux dont ils sont issus. Le tissus rouge, la couleur du secret. Belle pi\u00e8ce ancienne du culte vaudou.<\/p>\n<p><strong>Origin<\/strong><br \/>\nEx private collection from the south of France.<\/p>","protected":false},"featured_media":13177,"template":"","meta":{"_exactmetrics_skip_tracking":false,"_exactmetrics_sitenote_active":false,"_exactmetrics_sitenote_note":"","_exactmetrics_sitenote_category":0,"neve_meta_sidebar":"","neve_meta_container":"","neve_meta_enable_content_width":"on","neve_meta_content_width":100,"neve_meta_title_alignment":"","neve_meta_author_avatar":"","neve_post_elements_order":"","neve_meta_disable_header":"","neve_meta_disable_footer":"","neve_meta_disable_title":"","_themeisle_gutenberg_block_has_review":false},"product_brand":[],"product_cat":[27],"product_tag":[],"class_list":{"0":"post-13169","1":"product","2":"type-product","3":"status-publish","4":"has-post-thumbnail","6":"product_cat-statues","7":"pa_dimensions-h-52cm","8":"pa_epoque-premiere-moitie-du-xxeme-siecle","9":"pa_ethnie-ewe","10":"pa_materiaux-bois-cordes-tissus-crane-animal-pigments-bleus","11":"pa_materiaux-cadenas-kaolin","12":"pa_materiaux-chaines","13":"pa_pays-togo-ghana","15":"first","16":"instock","17":"sold-individually","18":"taxable","19":"shipping-taxable","20":"purchasable","21":"product-type-simple","22":"add-to-wishlist-before_image"},"_links":{"self":[{"href":"https:\/\/evebegalli.com\/en\/wp-json\/wp\/v2\/product\/13169","targetHints":{"allow":["GET"]}}],"collection":[{"href":"https:\/\/evebegalli.com\/en\/wp-json\/wp\/v2\/product"}],"about":[{"href":"https:\/\/evebegalli.com\/en\/wp-json\/wp\/v2\/types\/product"}],"version-history":[{"count":0,"href":"https:\/\/evebegalli.com\/en\/wp-json\/wp\/v2\/product\/13169\/revisions"}],"wp:featuredmedia":[{"embeddable":true,"href":"https:\/\/evebegalli.com\/en\/wp-json\/wp\/v2\/media\/13177"}],"wp:attachment":[{"href":"https:\/\/evebegalli.com\/en\/wp-json\/wp\/v2\/media?parent=13169"}],"wp:term":[{"taxonomy":"product_brand","embeddable":true,"href":"https:\/\/evebegalli.com\/en\/wp-json\/wp\/v2\/product_brand?post=13169"},{"taxonomy":"product_cat","embeddable":true,"href":"https:\/\/evebegalli.com\/en\/wp-json\/wp\/v2\/product_cat?post=13169"},{"taxonomy":"product_tag","embeddable":true,"href":"https:\/\/evebegalli.com\/en\/wp-json\/wp\/v2\/product_tag?post=13169"}],"curies":[{"name":"wp","href":"https:\/\/api.w.org\/{rel}","templated":true}]}}