{"id":13148,"date":"2022-03-17T21:17:37","date_gmt":"2022-03-17T21:17:37","guid":{"rendered":"https:\/\/evebegalli.com\/?post_type=product&#038;p=13148"},"modified":"2022-03-17T21:18:46","modified_gmt":"2022-03-17T21:18:46","slug":"ewe-fetiche-togo-ghana","status":"publish","type":"product","link":"https:\/\/evebegalli.com\/en\/product\/ewe-fetiche-togo-ghana\/","title":{"rendered":"Ewe f\u00e9tiche, Togo\/Ghana"},"content":{"rendered":"","protected":false},"excerpt":{"rendered":"<p>Magnifique poteau f\u00e9tiche Ewe, des charges magiques sont fix\u00e9es sur le torse et dans le dos avec des tissus et des cordes, entour\u00e9 d&rsquo;une multitude de cadenas. Beau visage expressif avec importante patine sacrificielle de sang animal s\u00e9ch\u00e9 et traces de pigments bleus de lessive. On peut identifier sa puissance \u00e0 partir de certains attributs, dans ce cas il est entour\u00e9 d\u2019un tissus et d&rsquo;un lien en corde autour du corps qui retiennent des fers comme le tige ondulante qui repr\u00e9sente Dan ou Dangb\u00e9, le vaudou-serpent et la haches biface, le vodun de la foudre Hevieso. Les cadenas servent \u00e0 \u00ab enfermer \u00bb les forces du mal. Un petit cr\u00e2ne donne le pouvoir qui appartenait \u00e0 l\u2019animal dont il est issu. Le tissus rouge, la couleur du secret. Une couronne de cauris symbolise le pouvoir. Belle pi\u00e8ce ancienne du culte vaudou.<\/p>\n<p><strong>Origin<\/strong><br \/>\nEx private collection from the south of France.<\/p>","protected":false},"featured_media":13156,"template":"","meta":{"_exactmetrics_skip_tracking":false,"_exactmetrics_sitenote_active":false,"_exactmetrics_sitenote_note":"","_exactmetrics_sitenote_category":0,"neve_meta_sidebar":"","neve_meta_container":"","neve_meta_enable_content_width":"on","neve_meta_content_width":100,"neve_meta_title_alignment":"","neve_meta_author_avatar":"","neve_post_elements_order":"","neve_meta_disable_header":"","neve_meta_disable_footer":"","neve_meta_disable_title":"","_themeisle_gutenberg_block_has_review":false},"product_brand":[],"product_cat":[27],"product_tag":[],"class_list":{"0":"post-13148","1":"product","2":"type-product","3":"status-publish","4":"has-post-thumbnail","6":"product_cat-statues","7":"pa_dimensions-h-50cm","8":"pa_epoque-premiere-moitie-du-xxeme-siecle","9":"pa_ethnie-ewe","10":"pa_materiaux-bois-cadenas-fers-tissuscauris","11":"pa_materiaux-crane-animal-cordes-patine-sacrificielles-pigments","12":"pa_pays-ghana","13":"pa_pays-togo","15":"first","16":"instock","17":"sold-individually","18":"taxable","19":"shipping-taxable","20":"purchasable","21":"product-type-simple","22":"add-to-wishlist-before_image"},"_links":{"self":[{"href":"https:\/\/evebegalli.com\/en\/wp-json\/wp\/v2\/product\/13148","targetHints":{"allow":["GET"]}}],"collection":[{"href":"https:\/\/evebegalli.com\/en\/wp-json\/wp\/v2\/product"}],"about":[{"href":"https:\/\/evebegalli.com\/en\/wp-json\/wp\/v2\/types\/product"}],"version-history":[{"count":0,"href":"https:\/\/evebegalli.com\/en\/wp-json\/wp\/v2\/product\/13148\/revisions"}],"wp:featuredmedia":[{"embeddable":true,"href":"https:\/\/evebegalli.com\/en\/wp-json\/wp\/v2\/media\/13156"}],"wp:attachment":[{"href":"https:\/\/evebegalli.com\/en\/wp-json\/wp\/v2\/media?parent=13148"}],"wp:term":[{"taxonomy":"product_brand","embeddable":true,"href":"https:\/\/evebegalli.com\/en\/wp-json\/wp\/v2\/product_brand?post=13148"},{"taxonomy":"product_cat","embeddable":true,"href":"https:\/\/evebegalli.com\/en\/wp-json\/wp\/v2\/product_cat?post=13148"},{"taxonomy":"product_tag","embeddable":true,"href":"https:\/\/evebegalli.com\/en\/wp-json\/wp\/v2\/product_tag?post=13148"}],"curies":[{"name":"wp","href":"https:\/\/api.w.org\/{rel}","templated":true}]}}