{"id":1235,"date":"2019-10-19T15:25:53","date_gmt":"2019-10-19T15:25:53","guid":{"rendered":"https:\/\/evebegalli.com\/?post_type=product&#038;p=1235"},"modified":"2025-06-05T12:34:57","modified_gmt":"2025-06-05T12:34:57","slug":"gardien-de-reliquaire-statue-byeri-fang","status":"publish","type":"product","link":"https:\/\/evebegalli.com\/en\/product\/gardien-de-reliquaire-statue-byeri-fang\/","title":{"rendered":"Statue F\u00e9minine, Figure d\u2019Anc\u00eatre du Byeri, Fang, Groupe Ntumu, Gabon"},"content":{"rendered":"<div class=\"epyt-video-wrapper\"><iframe  id=\"_ytid_63494\"  width=\"1200\" height=\"675\"  data-origwidth=\"1200\" data-origheight=\"675\" src=\"https:\/\/www.youtube.com\/embed\/jpgQkOj3rzA?enablejsapi=1&autoplay=0&cc_load_policy=0&cc_lang_pref=&iv_load_policy=1&loop=0&rel=0&fs=1&playsinline=0&autohide=2&theme=dark&color=red&controls=1&disablekb=0&\" class=\"__youtube_prefs__  no-lazyload\" title=\"YouTube player\"  allow=\"fullscreen; accelerometer; autoplay; clipboard-write; encrypted-media; gyroscope; picture-in-picture; web-share\" referrerpolicy=\"strict-origin-when-cross-origin\" allowfullscreen data-no-lazy=\"1\" data-skipgform_ajax_framebjll=\"\"><\/iframe><\/div>","protected":false},"excerpt":{"rendered":"<p>Ancienne statue f\u00e9minine Byeri Fang,\u00a0 oeuvre caract\u00e9ristique du <a href=\"https:\/\/fr.wikipedia.org\/wiki\/Ntumu_(peuple)\">groupe Ntumu<\/a>, du Nord Gabon.<br \/>\nElle repr\u00e9sente un gardien de reliquaire du culte du Byeri. La statue est assise sur un tenon cylindrique, les jambes repli\u00e9es.\u00a0 La silhouette pr\u00e9sente un long torse cylindrique, les seins coniques \u00e9cart\u00e9s (l\u2019extr\u00e9mit\u00e9 du sein gauche fortement \u00e9rod\u00e9e). Les \u00e9paules d\u2019un beau galbe arrondi. Les bras sont \u00e9cart\u00e9s du torse et ils sont finement sculpt\u00e9s se repliant vers l&rsquo;avant. Les mains sont pos\u00e9es autour d&rsquo;un nombril en relief. Les pieds sont fortement \u00e9rod\u00e9s.<br \/>\nIl est tr\u00e8s vraisemblable que des pr\u00e9l\u00e8vements de bois aient \u00e9t\u00e9 effectu\u00e9s sur la main. Un rituel pour renforcer l\u2019efficacit\u00e9 magique de \u00abm\u00e9dicaments\u00bb li\u00e9s au <strong>culte du byeri<\/strong>. Par cons\u00e9quent, la main droite est manquante.<br \/>\nLe visage au front tr\u00e8s ample est mis en valeur par une coiffe en forme de casque \u00e0 cr\u00eate centrale en relief allong\u00e9e d\u2019un ample couvre-nuque.<br \/>\nLa douceur de la face, creus\u00e9e en forme de c\u0153ur, s\u2019intensifie dans les yeux constitu\u00e9s de larges rondelles de m\u00e9tal piquet\u00e9es de pupilles faites de clous du m\u00eame m\u00e9tal. Le nez est assez long de base aplatie. La bouche pr\u00e9sente des l\u00e8vres \u00e9tir\u00e9es vers l\u2019avant faisant la \u00ab moue fang \u00bb , et le menton est carr\u00e9.<br \/>\nLe dos pr\u00e9sente la colonne vert\u00e9brale sculpt\u00e9e et les omoplates en l\u00e9ger relief.<br \/>\nLa patine \u00e9paisse noire et huileuse, les traces d\u2019utilisation, sont la preuve que cette oeuvre est ancienne, pouvant dater du d\u00e9but du XX\u00e8me si\u00e8cle.<\/p>\n<p><strong>Origin<\/strong><br \/>\nEx collection fran\u00e7aise N.G.<br \/>\nCollection Eve Begalli, Grenoble, acquise en 2017<\/p>","protected":false},"featured_media":1232,"template":"","meta":{"_exactmetrics_skip_tracking":false,"_exactmetrics_sitenote_active":false,"_exactmetrics_sitenote_note":"","_exactmetrics_sitenote_category":0,"neve_meta_sidebar":"","neve_meta_container":"","neve_meta_enable_content_width":"on","neve_meta_content_width":100,"neve_meta_title_alignment":"","neve_meta_author_avatar":"","neve_post_elements_order":"","neve_meta_disable_header":"","neve_meta_disable_footer":"","neve_meta_disable_title":"","_themeisle_gutenberg_block_has_review":false},"product_brand":[],"product_cat":[27],"product_tag":[],"class_list":{"0":"post-1235","1":"product","2":"type-product","3":"status-publish","4":"has-post-thumbnail","6":"product_cat-statues","7":"pa_dimensions-h-73-cm","8":"pa_epoque-debut-du-xxeme-siecle","9":"pa_ethnie-fang","10":"pa_materiaux-bois-metal","11":"pa_pays-gabon","13":"first","14":"outofstock","15":"sold-individually","16":"taxable","17":"shipping-taxable","18":"product-type-simple","19":"add-to-wishlist-before_image"},"_links":{"self":[{"href":"https:\/\/evebegalli.com\/en\/wp-json\/wp\/v2\/product\/1235","targetHints":{"allow":["GET"]}}],"collection":[{"href":"https:\/\/evebegalli.com\/en\/wp-json\/wp\/v2\/product"}],"about":[{"href":"https:\/\/evebegalli.com\/en\/wp-json\/wp\/v2\/types\/product"}],"version-history":[{"count":1,"href":"https:\/\/evebegalli.com\/en\/wp-json\/wp\/v2\/product\/1235\/revisions"}],"predecessor-version":[{"id":18192,"href":"https:\/\/evebegalli.com\/en\/wp-json\/wp\/v2\/product\/1235\/revisions\/18192"}],"wp:featuredmedia":[{"embeddable":true,"href":"https:\/\/evebegalli.com\/en\/wp-json\/wp\/v2\/media\/1232"}],"wp:attachment":[{"href":"https:\/\/evebegalli.com\/en\/wp-json\/wp\/v2\/media?parent=1235"}],"wp:term":[{"taxonomy":"product_brand","embeddable":true,"href":"https:\/\/evebegalli.com\/en\/wp-json\/wp\/v2\/product_brand?post=1235"},{"taxonomy":"product_cat","embeddable":true,"href":"https:\/\/evebegalli.com\/en\/wp-json\/wp\/v2\/product_cat?post=1235"},{"taxonomy":"product_tag","embeddable":true,"href":"https:\/\/evebegalli.com\/en\/wp-json\/wp\/v2\/product_tag?post=1235"}],"curies":[{"name":"wp","href":"https:\/\/api.w.org\/{rel}","templated":true}]}}