{"id":11805,"date":"2021-04-24T12:10:13","date_gmt":"2021-04-24T12:10:13","guid":{"rendered":"https:\/\/evebegalli.com\/?post_type=product&#038;p=11805"},"modified":"2021-04-24T13:05:19","modified_gmt":"2021-04-24T13:05:19","slug":"flute-sifflet-anthropomorphe-bwa-mossi-burkina-faso","status":"publish","type":"product","link":"https:\/\/evebegalli.com\/en\/product\/flute-sifflet-anthropomorphe-bwa-mossi-burkina-faso\/","title":{"rendered":"Fl\u00fbte\/sifflet Anthropomorphe Bwa\/Mossi, Burkina Faso"},"content":{"rendered":"<p><a name=\"v167\"><\/a><br \/>\n<div class=\"epyt-video-wrapper\"><iframe  id=\"_ytid_75255\"  width=\"1200\" height=\"675\"  data-origwidth=\"1200\" data-origheight=\"675\" src=\"https:\/\/www.youtube.com\/embed\/K6d0Qmvs1-0?enablejsapi=1&autoplay=0&cc_load_policy=0&cc_lang_pref=&iv_load_policy=1&loop=0&rel=0&fs=1&playsinline=0&autohide=2&theme=dark&color=red&controls=1&disablekb=0&\" class=\"__youtube_prefs__  no-lazyload\" title=\"YouTube player\"  allow=\"fullscreen; accelerometer; autoplay; clipboard-write; encrypted-media; gyroscope; picture-in-picture; web-share\" referrerpolicy=\"strict-origin-when-cross-origin\" allowfullscreen data-no-lazy=\"1\" data-skipgform_ajax_framebjll=\"\"><\/iframe><\/div><\/p>\n<p><a name=\"c167\"><\/a><br \/>\n<div class=\"_df_book df-lite\" id=\"df_11811\"  _slug=\"catalogue-167-flute-sifflet-anthropomorphe-bwa-mossi-burkina-faso\" data-title=\"catalogue-167-flute-sifflet-anthropomorphe-bwa-mossi-burkina-faso\" wpoptions=\"true\" thumbtype=\"\" ><\/div><script class=\"df-shortcode-script\" nowprocket type=\"application\/javascript\">window.option_df_11811 = {\"outline\":[],\"autoEnableOutline\":\"false\",\"autoEnableThumbnail\":\"false\",\"overwritePDFOutline\":\"false\",\"direction\":\"1\",\"pageSize\":\"0\",\"source\":\"https:\\\/\\\/evebegalli.com\\\/wp-content\\\/uploads\\\/2021\\\/04\\\/167.pdf\",\"wpOptions\":\"true\"}; if(window.DFLIP && window.DFLIP.parseBooks){window.DFLIP.parseBooks();}<\/script><\/p>","protected":false},"excerpt":{"rendered":"<p>Beautiful flute flanked by two \"arms\" finely engraved with geometric designs highlighting the shapes of the neck, shaft and limbs.\nMagnificent deep honey patina literally varnished with use and black on the musician's bearing parts, which testifies to prolonged use. A transverse fixing hole has been drilled at the base of the instrument.\nThis type of whistle accompanies in particular initiation ceremonies and agrarian festivals, and is also used for hunting.<br \/>\nMagnifique patine profonde miel litt\u00e9ralement vernie par l&rsquo;usage et noire sur les parties d&rsquo;appuis du musicien, qui t\u00e9moigne d&rsquo;une utilisation prolong\u00e9e. Un trou transversal de fixation a \u00e9t\u00e9 perc\u00e9 \u00e0 la base de l&rsquo;instrument.<br \/>\nCe type de sifflets accompagne en particulier les c\u00e9r\u00e9monies d&rsquo;initiation et les f\u00eates agraires, et sont \u00e9galement utilis\u00e9s pour la chasse.<\/p>\n<p style=\"text-align: center;\"><a href=\"#v167\">GO TO THE VIDEO<\/a>\u00a0 \u00a0 \u00a0 \u00a0 \u00a0 <a href=\"#c167\">GO TO THE CATALOG<\/a><\/p>\n<p><strong>Origin<\/strong><br \/>\nEx French collection<\/p>","protected":false},"featured_media":11794,"template":"","meta":{"_exactmetrics_skip_tracking":false,"_exactmetrics_sitenote_active":false,"_exactmetrics_sitenote_note":"","_exactmetrics_sitenote_category":0,"neve_meta_sidebar":"","neve_meta_container":"","neve_meta_enable_content_width":"on","neve_meta_content_width":100,"neve_meta_title_alignment":"","neve_meta_author_avatar":"","neve_post_elements_order":"","neve_meta_disable_header":"","neve_meta_disable_footer":"","neve_meta_disable_title":"","_themeisle_gutenberg_block_has_review":false},"product_brand":[],"product_cat":[336],"product_tag":[],"class_list":{"0":"post-11805","1":"product","2":"type-product","3":"status-publish","4":"has-post-thumbnail","6":"product_cat-objets-usuels","7":"pa_dimensions-h-18-cm","8":"pa_epoque-premiere-moitie-du-xxeme-siecle","9":"pa_ethnie-bwa-mossi","10":"pa_materiaux-bois","11":"pa_pays-burkina-faso","13":"first","14":"instock","15":"sold-individually","16":"taxable","17":"shipping-taxable","18":"purchasable","19":"product-type-simple","20":"add-to-wishlist-before_image"},"_links":{"self":[{"href":"https:\/\/evebegalli.com\/en\/wp-json\/wp\/v2\/product\/11805","targetHints":{"allow":["GET"]}}],"collection":[{"href":"https:\/\/evebegalli.com\/en\/wp-json\/wp\/v2\/product"}],"about":[{"href":"https:\/\/evebegalli.com\/en\/wp-json\/wp\/v2\/types\/product"}],"version-history":[{"count":0,"href":"https:\/\/evebegalli.com\/en\/wp-json\/wp\/v2\/product\/11805\/revisions"}],"wp:featuredmedia":[{"embeddable":true,"href":"https:\/\/evebegalli.com\/en\/wp-json\/wp\/v2\/media\/11794"}],"wp:attachment":[{"href":"https:\/\/evebegalli.com\/en\/wp-json\/wp\/v2\/media?parent=11805"}],"wp:term":[{"taxonomy":"product_brand","embeddable":true,"href":"https:\/\/evebegalli.com\/en\/wp-json\/wp\/v2\/product_brand?post=11805"},{"taxonomy":"product_cat","embeddable":true,"href":"https:\/\/evebegalli.com\/en\/wp-json\/wp\/v2\/product_cat?post=11805"},{"taxonomy":"product_tag","embeddable":true,"href":"https:\/\/evebegalli.com\/en\/wp-json\/wp\/v2\/product_tag?post=11805"}],"curies":[{"name":"wp","href":"https:\/\/api.w.org\/{rel}","templated":true}]}}