{"id":11139,"date":"2021-04-16T14:38:30","date_gmt":"2021-04-16T14:38:30","guid":{"rendered":"https:\/\/evebegalli.com\/?post_type=product&#038;p=11139"},"modified":"2022-04-04T15:28:16","modified_gmt":"2022-04-04T15:28:16","slug":"george-lilanga-huile-sur-isorel-abondance-de-nourriture-1998","status":"publish","type":"product","link":"https:\/\/evebegalli.com\/en\/product\/george-lilanga-huile-sur-isorel-abondance-de-nourriture-1998\/","title":{"rendered":"George Lilanga - Oil on hardboard - Abundance of food, 1998"},"content":{"rendered":"<p><a name=\"v154\"><\/a><br \/>\n<div class=\"epyt-video-wrapper\"><iframe  id=\"_ytid_99398\"  width=\"1200\" height=\"675\"  data-origwidth=\"1200\" data-origheight=\"675\" src=\"https:\/\/www.youtube.com\/embed\/J9GS4DQ4nwA?enablejsapi=1&autoplay=0&cc_load_policy=0&cc_lang_pref=&iv_load_policy=1&loop=0&rel=0&fs=1&playsinline=0&autohide=2&theme=dark&color=red&controls=1&disablekb=0&\" class=\"__youtube_prefs__  no-lazyload\" title=\"YouTube player\"  allow=\"fullscreen; accelerometer; autoplay; clipboard-write; encrypted-media; gyroscope; picture-in-picture; web-share\" referrerpolicy=\"strict-origin-when-cross-origin\" allowfullscreen data-no-lazy=\"1\" data-skipgform_ajax_framebjll=\"\"><\/iframe><\/div><\/p>\n<p><a name=\"c154\"><\/a><br \/>\n<div class=\"_df_book df-lite\" id=\"df_11166\"  _slug=\"catalogue-154-george-lilanga-huile-sur-isorel-abondance-de-nourriture-1998\" data-title=\"catalogue-154-george-lilanga-huile-sur-isorel-abondance-de-nourriture-1998\" wpoptions=\"true\" thumbtype=\"\" ><\/div><script class=\"df-shortcode-script\" nowprocket type=\"application\/javascript\">window.option_df_11166 = {\"outline\":[],\"autoEnableOutline\":\"false\",\"autoEnableThumbnail\":\"false\",\"overwritePDFOutline\":\"false\",\"direction\":\"1\",\"pageSize\":\"0\",\"source\":\"https:\\\/\\\/evebegalli.com\\\/wp-content\\\/uploads\\\/2021\\\/04\\\/154-compresse.pdf\",\"wpOptions\":\"true\"}; if(window.DFLIP && window.DFLIP.parseBooks){window.DFLIP.parseBooks();}<\/script><\/p>","protected":false},"excerpt":{"rendered":"<p class=\"marg-bot-10\">Wingi wa chakula (abundance of food) by George Lilanga. Paint in 61 x 61 cm format on hardboard. Perfect condition and framed in a black lacquered American box by a professional.<br \/>\nSignature lower center. Titled and dated on the back. Sold with its certificate of authenticity.<\/p>\n<p style=\"text-align: center;\"><a href=\"#v154\">GO TO THE VIDEO<\/a>\u00a0 \u00a0 \u00a0 \u00a0 \u00a0 <a href=\"#c154\">GO TO THE CATALOG<\/a><\/p>\n<div class=\"description-catalog see-more text-justify\">\n<div>George Lilanga was born in Masasi in 1934, in the highlands on the border of Mozambique and Tanzania and died in 2005 in Dar es Salaam, where he lived and worked. In 1961, Makonde sculptors introduced him to sculpture. He moved with them to the Dar es Salaam region where working conditions were more favorable. George Lilanga founded Nyumba ya Sanaa (the House of Arts) there with other artists in 1973 and simultaneously developed a work of sculpture and painting.<br \/>\nHis works derive from the Makonde culture and are subject to a magical thought: ancestors, geniuses and natural forces occupy an important place. They appear as staging of ancestral, mythological or legendary stories, played out by the village or urban population. All of Lilanga's sculptural and pictorial work remains inspired by this culture, nevertheless testifies to a profound revolution which inaugurates the birth of individualization and personal talent in Africa. His polychrome works reveal a highly developed aesthetic sense and reflect a keen sense of social criticism and caricature. Nicknamed \"the Picasso of Africa\", George Lilanga draws on all these traditions, which he renews in a contemporary context. His compositions left an impression and the recognition he enjoyed did not take long to cross borders.<strong>PERSONAL EXHIBITIONS<\/strong><br \/>\n2002 George Lilanga di Nyama: Mapico Dance, MAMCO, Geneva, Switzerland<br \/>\n2001 Tribute to George Lilanga, Alliance Fran\u00e7aise, Dar es Salaam, Tanzania<br \/>\n1999 Storie Africane: Georges Lilanga, Galleria Franco Cancelliere Arte Contemporanea, Messina, Italy<br \/>\n1998 Lilanga\u2019s Cosmos, Sudou Art Museum, Tokyo, Japan<br \/>\n1995 Lilanga\u2019s Cosmos, Tama Art University Museum, Tokyo, Japan<\/p>\n<p><strong>COLLECTIVE EXHIBITIONS<\/strong><br \/>\n2017 Independent, Bruxelles, Belgique<br \/>\n2016 Galeristes, Carreau du temple, Paris, France<br \/>\n2015 La fabrique \u00e0 fantasmes, Regard sur la collection du mus\u00e9e de Ouidah, Fondation Zinsou, B\u00e9nin<br \/>\n2013 Mes Amours\u2026, Bandjoun Station, Bandjoun, Cameroun. Focus sur la collection, Mus\u00e9e de la Fondation Zinsou, Ouidah, B\u00e9nin<br \/>\n2012 Haitian Masters &amp; Contemporary African artists, Galerie Lumi\u00e8res d&rsquo;Afrique, Bruxelles, Belgique<br \/>\n2010 Africa Rising, Soci\u00e9t\u00e9 Louis Vuitton, Paris, France. African Stories, Magnin-A, Ancienne Banque du Maroc, Marrakech, Morocco<br \/>\n2009\/2010 Africa ? Una nuova storia, Complesso del Vittoriano, Roma, Italy<br \/>\n2009 Against Exclusion, 3rd Moscow Biennial, The Garage Center for Contemporary Culture, Moscow, Russia<br \/>\n2007\/2008 Why Africa ? La collezione Pigozzi, Pinacoteca Giovanni e Marella Agnelli, Torino, Italy<br \/>\n2006\/2007 100% Africa, Guggenheim Museum, Bilbao, Spain<br \/>\n2005\/2006 African Art Now: Masterpieces from the Jean Pigozzi Collection Museum of Fine Arts Houston, Houston, USA National Museum of African Art, Smithsonian Institution, Washington DC, USA. Arts of Africa, The Contemporary collection of Jean Pigozzi, Grimaldi Forum, Monaco<br \/>\n2004\/2007 Africa Remix Museum Kunst Palast, D\u00fcsseldorf, Germany. Hayward Gallery, London, UK. Centre Georges Pompidou, Paris, France. Mori Art Museum, Tokyo, Japan. Johannesburg Art Gallery, Johannesburg, South Africa. Tingatinga and Lilanga, Kouchi Prefecture Art Museum, Kouchi, Japan<br \/>\n2000 Shanghai Biennale, Shanghai Art Museum, Shanghai, China. Art in Tanzania 2000, Dar Es Salaam, Tanzania<br \/>\n1998 Art in Tanzania 1998, National Museum, Dar es Salaam, Tanzania<br \/>\n1996 Dak\u2019Art 96, Biennale de Dakar, Dakar, Senegal<br \/>\n1995 Africus, Johannesburg Biennale, Johannesburg, South Africa<br \/>\n1993 Haring K. and Lilanga, Pantheon Tama Gallery, Tokyo, Japan Discovery. Contemporary Art of East Africa, Ludwigshafen-am-Rhein Museum, Ludwigshafen, Germany<br \/>\n1992 Out of Africa. The Jean Pigozzi Contemporary African Art Collection, Saatchi Gallery, London, UK<\/p>\n<\/div>\n<\/div>","protected":false},"featured_media":11161,"template":"","meta":{"_exactmetrics_skip_tracking":false,"_exactmetrics_sitenote_active":false,"_exactmetrics_sitenote_note":"","_exactmetrics_sitenote_category":0,"neve_meta_sidebar":"","neve_meta_container":"","neve_meta_enable_content_width":"on","neve_meta_content_width":100,"neve_meta_title_alignment":"","neve_meta_author_avatar":"","neve_post_elements_order":"","neve_meta_disable_header":"","neve_meta_disable_footer":"","neve_meta_disable_title":"","_themeisle_gutenberg_block_has_review":false},"product_brand":[],"product_cat":[175],"product_tag":[],"class_list":{"0":"post-11139","1":"product","2":"type-product","3":"status-publish","4":"has-post-thumbnail","6":"product_cat-art-moderne","7":"pa_dimensions-61cm-x-61cm-sans-cadre","8":"pa_epoque-315","9":"pa_pays-tanzania","11":"first","12":"outofstock","13":"sold-individually","14":"taxable","15":"shipping-taxable","16":"product-type-simple","17":"add-to-wishlist-before_image"},"_links":{"self":[{"href":"https:\/\/evebegalli.com\/en\/wp-json\/wp\/v2\/product\/11139","targetHints":{"allow":["GET"]}}],"collection":[{"href":"https:\/\/evebegalli.com\/en\/wp-json\/wp\/v2\/product"}],"about":[{"href":"https:\/\/evebegalli.com\/en\/wp-json\/wp\/v2\/types\/product"}],"version-history":[{"count":0,"href":"https:\/\/evebegalli.com\/en\/wp-json\/wp\/v2\/product\/11139\/revisions"}],"wp:featuredmedia":[{"embeddable":true,"href":"https:\/\/evebegalli.com\/en\/wp-json\/wp\/v2\/media\/11161"}],"wp:attachment":[{"href":"https:\/\/evebegalli.com\/en\/wp-json\/wp\/v2\/media?parent=11139"}],"wp:term":[{"taxonomy":"product_brand","embeddable":true,"href":"https:\/\/evebegalli.com\/en\/wp-json\/wp\/v2\/product_brand?post=11139"},{"taxonomy":"product_cat","embeddable":true,"href":"https:\/\/evebegalli.com\/en\/wp-json\/wp\/v2\/product_cat?post=11139"},{"taxonomy":"product_tag","embeddable":true,"href":"https:\/\/evebegalli.com\/en\/wp-json\/wp\/v2\/product_tag?post=11139"}],"curies":[{"name":"wp","href":"https:\/\/api.w.org\/{rel}","templated":true}]}}