{"id":11114,"date":"2021-04-15T17:07:32","date_gmt":"2021-04-15T17:07:32","guid":{"rendered":"https:\/\/evebegalli.com\/?post_type=product&#038;p=11114"},"modified":"2022-05-26T15:39:12","modified_gmt":"2022-05-26T15:39:12","slug":"masque-chokwe-angola-2","status":"publish","type":"product","link":"https:\/\/evebegalli.com\/en\/product\/masque-chokwe-angola-2\/","title":{"rendered":"Masque Chokwe, Angola"},"content":{"rendered":"<p><a name=\"v152\"><\/a><br \/>\n<div class=\"epyt-video-wrapper\"><iframe  id=\"_ytid_20380\"  width=\"1200\" height=\"675\"  data-origwidth=\"1200\" data-origheight=\"675\" src=\"https:\/\/www.youtube.com\/embed\/eEadacv8BoI?enablejsapi=1&autoplay=0&cc_load_policy=0&cc_lang_pref=&iv_load_policy=1&loop=0&rel=0&fs=1&playsinline=0&autohide=2&theme=dark&color=red&controls=1&disablekb=0&\" class=\"__youtube_prefs__  no-lazyload\" title=\"YouTube player\"  allow=\"fullscreen; accelerometer; autoplay; clipboard-write; encrypted-media; gyroscope; picture-in-picture; web-share\" referrerpolicy=\"strict-origin-when-cross-origin\" allowfullscreen data-no-lazy=\"1\" data-skipgform_ajax_framebjll=\"\"><\/iframe><\/div><\/p>\n<p><a name=\"c152\"><\/a><br \/>\n<div class=\"_df_book df-lite\" id=\"df_11118\"  _slug=\"catalogue-152-masque-chokwe-angola\" data-title=\"catalogue-152-masque-chokwe-angola\" wpoptions=\"true\" thumbtype=\"\" ><\/div><script class=\"df-shortcode-script\" nowprocket type=\"application\/javascript\">window.option_df_11118 = {\"outline\":[],\"autoEnableOutline\":\"false\",\"autoEnableThumbnail\":\"false\",\"overwritePDFOutline\":\"false\",\"direction\":\"1\",\"pageSize\":\"0\",\"source\":\"https:\\\/\\\/evebegalli.com\\\/wp-content\\\/uploads\\\/2021\\\/04\\\/152.pdf\",\"wpOptions\":\"true\"}; if(window.DFLIP && window.DFLIP.parseBooks){window.DFLIP.parseBooks();}<\/script><\/p>","protected":false},"excerpt":{"rendered":"<p>Masque f\u00e9minin Pwo (femme, ou mwana pwo, jeune femme) inspir\u00e9 des traits d\u2019une femme dont la beaut\u00e9 suscitait la plus grande admiration, il symbolise le r\u00f4le primordial jou\u00e9 par les femmes au sein de la soci\u00e9t\u00e9 matrilin\u00e9aire Chokwe, et en exprime pleinement l\u2019id\u00e9al de beaut\u00e9.<br \/>\nLes orbites tr\u00e8s creus\u00e9es concentrant l\u2019attention sur les larges yeux mi-clos en grain de caf\u00e9 perc\u00e9s d\u2019une mince fente plac\u00e9s sous des sourcils en relief, cr\u00e9ent un jeu subtil de courbes et contre-courbes avec les joues et la bouche entrouverte vers l\u2019avant accentuant visuellement l\u2019extr\u00eame sensibilit\u00e9 des model\u00e9s. La beaut\u00e9 id\u00e9alis\u00e9e du visage f\u00e9minin s\u2019exprime tant dans le soin accord\u00e9 \u00e0 la parure, \u00e9l\u00e9gance des scarifications, dents lim\u00e9es en pointe, coiffe en diad\u00e8me, que par la profonde spiritualit\u00e9 qui l\u2019impr\u00e8gne. Enfin une superbe patine rouge-miel profonde. Traces de kaolin. Marques d\u2019usage internes.<br \/>\nLes scarifications en relief sur la face ont des significations bien pr\u00e9cises, ainsi la croix chingelyengelye sur le front est une marque identitaire des Chokwe jusqu\u2019au d\u00e9but du XX\u00e8me si\u00e8cle et se rencontre sur de nombreux objets, interpr\u00e9t\u00e9e comme un cosmogramme, tandis que les motifs circulaires sur chaque joue \u00e9voquent des larmes.<br \/>\nLe masque Pwo, port\u00e9 lors des danses par des hommes afin d\u2019honorer les femmes, notamment les m\u00e8res des initi\u00e9s, durant la mukanda, l\u2019initiation des jeunes gar\u00e7ons, est bien plus qu\u2019une repr\u00e9sentation f\u00e9minine, il incarne le lien de la nouvelle classe d\u2019\u00e2ge avec une anc\u00eatre, et plus largement les rapports fondamentaux \u00ab entre la communaut\u00e9 villageoise et la chefferie, les anc\u00eatres et les esprits tut\u00e9laires (Wastiau, 2006: 44-45). Cette occasion marque \u00e9galement la dissolution des liens d\u2019intimit\u00e9 entre les m\u00e8res et leurs fils. La fiert\u00e9 et le chagrin que cet \u00e9v\u00e9nement repr\u00e9sente pour les femmes Chokwe sont \u00e9voqu\u00e9s par le motif de larme.<\/p>\n<p><strong>Origin<\/strong><br \/>\nEx Collection priv\u00e9e, Belgique<br \/>\nCollection Eve Begalli, Grenoble, 2018<\/p>\n<p style=\"text-align: center;\"><a href=\"#v152\">GO TO THE VIDEO<\/a>\u00a0 \u00a0 \u00a0 \u00a0 \u00a0 <a href=\"#c152\">GO TO THE CATALOG<\/a><\/p>","protected":false},"featured_media":11089,"template":"","meta":{"_exactmetrics_skip_tracking":false,"_exactmetrics_sitenote_active":false,"_exactmetrics_sitenote_note":"","_exactmetrics_sitenote_category":0,"neve_meta_sidebar":"","neve_meta_container":"","neve_meta_enable_content_width":"on","neve_meta_content_width":100,"neve_meta_title_alignment":"","neve_meta_author_avatar":"","neve_post_elements_order":"","neve_meta_disable_header":"","neve_meta_disable_footer":"","neve_meta_disable_title":"","_themeisle_gutenberg_block_has_review":false},"product_brand":[],"product_cat":[26],"product_tag":[],"class_list":{"0":"post-11114","1":"product","2":"type-product","3":"status-publish","4":"has-post-thumbnail","6":"product_cat-masques","7":"pa_dimensions-h-18-cm","8":"pa_epoque-circa-1920","9":"pa_ethnie-chokwe","10":"pa_materiaux-bois","11":"pa_pays-angola","13":"first","14":"outofstock","15":"sold-individually","16":"taxable","17":"shipping-taxable","18":"product-type-simple","19":"add-to-wishlist-before_image"},"_links":{"self":[{"href":"https:\/\/evebegalli.com\/en\/wp-json\/wp\/v2\/product\/11114","targetHints":{"allow":["GET"]}}],"collection":[{"href":"https:\/\/evebegalli.com\/en\/wp-json\/wp\/v2\/product"}],"about":[{"href":"https:\/\/evebegalli.com\/en\/wp-json\/wp\/v2\/types\/product"}],"version-history":[{"count":0,"href":"https:\/\/evebegalli.com\/en\/wp-json\/wp\/v2\/product\/11114\/revisions"}],"wp:featuredmedia":[{"embeddable":true,"href":"https:\/\/evebegalli.com\/en\/wp-json\/wp\/v2\/media\/11089"}],"wp:attachment":[{"href":"https:\/\/evebegalli.com\/en\/wp-json\/wp\/v2\/media?parent=11114"}],"wp:term":[{"taxonomy":"product_brand","embeddable":true,"href":"https:\/\/evebegalli.com\/en\/wp-json\/wp\/v2\/product_brand?post=11114"},{"taxonomy":"product_cat","embeddable":true,"href":"https:\/\/evebegalli.com\/en\/wp-json\/wp\/v2\/product_cat?post=11114"},{"taxonomy":"product_tag","embeddable":true,"href":"https:\/\/evebegalli.com\/en\/wp-json\/wp\/v2\/product_tag?post=11114"}],"curies":[{"name":"wp","href":"https:\/\/api.w.org\/{rel}","templated":true}]}}