{"id":10590,"date":"2021-03-13T18:22:46","date_gmt":"2021-03-13T18:22:46","guid":{"rendered":"https:\/\/evebegalli.com\/?post_type=product&#038;p=10590"},"modified":"2021-03-14T16:47:35","modified_gmt":"2021-03-14T16:47:35","slug":"joseph-amedokpo-peinture-huile-sur-toile-togo","status":"publish","type":"product","link":"https:\/\/evebegalli.com\/en\/product\/joseph-amedokpo-peinture-huile-sur-toile-togo\/","title":{"rendered":"Joseph Amedokpo, oil painting on canvas, Togo"},"content":{"rendered":"<p><a name=\"v141\"><\/a><br \/>\n<div class=\"epyt-video-wrapper\"><iframe  id=\"_ytid_51759\"  width=\"1200\" height=\"675\"  data-origwidth=\"1200\" data-origheight=\"675\" src=\"https:\/\/www.youtube.com\/embed\/S7FRYkaq0JY?enablejsapi=1&autoplay=0&cc_load_policy=0&cc_lang_pref=&iv_load_policy=1&loop=0&rel=0&fs=1&playsinline=0&autohide=2&theme=dark&color=red&controls=1&disablekb=0&\" class=\"__youtube_prefs__  no-lazyload\" title=\"YouTube player\"  allow=\"fullscreen; accelerometer; autoplay; clipboard-write; encrypted-media; gyroscope; picture-in-picture; web-share\" referrerpolicy=\"strict-origin-when-cross-origin\" allowfullscreen data-no-lazy=\"1\" data-skipgform_ajax_framebjll=\"\"><\/iframe><\/div><\/p>\n<p><a name=\"c141\"><\/a><br \/>\n<div class=\"_df_book df-lite\" id=\"df_10608\"  _slug=\"catalogue-141-joseph-amedokpo-peinture-huile-sur-toile-togo\" data-title=\"catalogue-141-joseph-amedokpo-peinture-huile-sur-toile-togo\" wpoptions=\"true\" thumbtype=\"\" ><\/div><script class=\"df-shortcode-script\" nowprocket type=\"application\/javascript\">window.option_df_10608 = {\"outline\":[],\"autoEnableOutline\":\"false\",\"autoEnableThumbnail\":\"false\",\"overwritePDFOutline\":\"false\",\"direction\":\"1\",\"pageSize\":\"0\",\"source\":\"https:\\\/\\\/evebegalli.com\\\/wp-content\\\/uploads\\\/2021\\\/03\\\/141.pdf\",\"wpOptions\":\"true\"}; if(window.DFLIP && window.DFLIP.parseBooks){window.DFLIP.parseBooks();}<\/script><\/p>","protected":false},"excerpt":{"rendered":"<p>Wonderful painting of <em>Joseph Amedokpo,<\/em> peintre togolais. Amedokpo est n\u00e9 \u00e0 Vogan, au Togo, en 1946, et \u00e0 l&rsquo;\u00e2ge de huit ans a d\u00e9m\u00e9nag\u00e9 \u00e0 Lagos, au Nig\u00e9ria, o\u00f9 il a re\u00e7u son \u00e9ducation et sa formation artistique, recevant une bourse au Yaba Trade Center o\u00f9 il a \u00e9tudi\u00e9 les beaux-arts. de 1966 \u00e0 1968. Apr\u00e8s avoir obtenu son dipl\u00f4me, Joseph a gagn\u00e9 sa vie en vendant exclusivement ses peintures. De retour \u00e0 Vogan, Amedokpo peint \u00e0 l&rsquo;aide d&rsquo;huiles disponibles localement et ses toiles sont des sacs de farine recycl\u00e9e, lav\u00e9s et \u00e9tir\u00e9s. Son atelier fait partie de l&rsquo;enceinte de sa famille; un toit en t\u00f4le le prot\u00e8ge du soleil africain et des pluies saisonni\u00e8res.\u00a0 En 2008, Amedokpo a \u00e9t\u00e9 s\u00e9lectionn\u00e9 comme l&rsquo;un des quatre artistes de l&rsquo;initiative Dell Product RED dans le cadre de la lutte mondiale contre le sida. Les \u0153uvres de Joseph Amedokpo sont expos\u00e9es et commercialis\u00e9es par des galeristes du monde entier.<br \/>\nInspiration usually comes to Amedokpo in the middle of the night: the gods of his community come to him in dreams, the stories of his Yoruba and Ewe culture, ancestor worship and voodoo rites come to life, translating into the next morning. in paintings on canvas in a very original and immediately recognizable style between the abstract and the figurative.\nVery beautiful black lacquered frame made by a professional.<br \/>\nTr\u00e8s bel encadrement caisse am\u00e9ricaine laqu\u00e9 noir effectu\u00e9 par professionnel.<\/p>\n<p style=\"text-align: center;\"><a href=\"#v141\">GO TO THE VIDEO<\/a>\u00a0 \u00a0 \u00a0 \u00a0 \u00a0 <a href=\"#c141\">GO TO THE CATALOG<\/a><\/p>","protected":false},"featured_media":10607,"template":"","meta":{"_exactmetrics_skip_tracking":false,"_exactmetrics_sitenote_active":false,"_exactmetrics_sitenote_note":"","_exactmetrics_sitenote_category":0,"neve_meta_sidebar":"","neve_meta_container":"","neve_meta_enable_content_width":"on","neve_meta_content_width":100,"neve_meta_title_alignment":"","neve_meta_author_avatar":"","neve_post_elements_order":"","neve_meta_disable_header":"","neve_meta_disable_footer":"","neve_meta_disable_title":"","_themeisle_gutenberg_block_has_review":false},"product_brand":[],"product_cat":[175],"product_tag":[],"class_list":{"0":"post-10590","1":"product","2":"type-product","3":"status-publish","4":"has-post-thumbnail","6":"product_cat-art-moderne","7":"pa_dimensions-47-cm-x-58-cm","8":"pa_epoque-xxeme-siecle","9":"pa_materiaux-huile-sur-toile","10":"pa_pays-togo","12":"first","13":"instock","14":"sold-individually","15":"taxable","16":"shipping-taxable","17":"purchasable","18":"product-type-simple","19":"add-to-wishlist-before_image"},"_links":{"self":[{"href":"https:\/\/evebegalli.com\/en\/wp-json\/wp\/v2\/product\/10590","targetHints":{"allow":["GET"]}}],"collection":[{"href":"https:\/\/evebegalli.com\/en\/wp-json\/wp\/v2\/product"}],"about":[{"href":"https:\/\/evebegalli.com\/en\/wp-json\/wp\/v2\/types\/product"}],"version-history":[{"count":0,"href":"https:\/\/evebegalli.com\/en\/wp-json\/wp\/v2\/product\/10590\/revisions"}],"wp:featuredmedia":[{"embeddable":true,"href":"https:\/\/evebegalli.com\/en\/wp-json\/wp\/v2\/media\/10607"}],"wp:attachment":[{"href":"https:\/\/evebegalli.com\/en\/wp-json\/wp\/v2\/media?parent=10590"}],"wp:term":[{"taxonomy":"product_brand","embeddable":true,"href":"https:\/\/evebegalli.com\/en\/wp-json\/wp\/v2\/product_brand?post=10590"},{"taxonomy":"product_cat","embeddable":true,"href":"https:\/\/evebegalli.com\/en\/wp-json\/wp\/v2\/product_cat?post=10590"},{"taxonomy":"product_tag","embeddable":true,"href":"https:\/\/evebegalli.com\/en\/wp-json\/wp\/v2\/product_tag?post=10590"}],"curies":[{"name":"wp","href":"https:\/\/api.w.org\/{rel}","templated":true}]}}