{"id":10318,"date":"2021-02-13T08:25:25","date_gmt":"2021-02-13T08:25:25","guid":{"rendered":"https:\/\/evebegalli.com\/?post_type=product&#038;p=10318"},"modified":"2021-02-18T22:49:23","modified_gmt":"2021-02-18T22:49:23","slug":"peinture-a-lhuile-abstrait-par-philippe-ouassa-congo-brazzaville-1970","status":"publish","type":"product","link":"https:\/\/evebegalli.com\/en\/product\/peinture-a-lhuile-abstrait-par-philippe-ouassa-congo-brazzaville-1970\/","title":{"rendered":"Abstract oil painting by Philippe Ouassa, Congo-Brazzaville 1970"},"content":{"rendered":"<p><a name=\"v135\"><\/a><br \/>\n<div class=\"epyt-video-wrapper\"><iframe  id=\"_ytid_92442\"  width=\"1200\" height=\"675\"  data-origwidth=\"1200\" data-origheight=\"675\" src=\"https:\/\/www.youtube.com\/embed\/sHqoVXSIZ4c?enablejsapi=1&autoplay=0&cc_load_policy=0&cc_lang_pref=&iv_load_policy=1&loop=0&rel=0&fs=1&playsinline=0&autohide=2&theme=dark&color=red&controls=1&disablekb=0&\" class=\"__youtube_prefs__  no-lazyload\" title=\"YouTube player\"  allow=\"fullscreen; accelerometer; autoplay; clipboard-write; encrypted-media; gyroscope; picture-in-picture; web-share\" referrerpolicy=\"strict-origin-when-cross-origin\" allowfullscreen data-no-lazy=\"1\" data-skipgform_ajax_framebjll=\"\"><\/iframe><\/div><\/p>\n<p>&nbsp;<\/p>\n<p><a name=\"c135\"><\/a><br \/>\n<div class=\"_df_book df-lite\" id=\"df_10350\"  _slug=\"catalogue-135-peinture-a-lhuile-abstrait-par-philippe-ouassa-congo-brazzaville-1970\" data-title=\"catalogue-135-peinture-a-lhuile-abstrait-par-philippe-ouassa-congo-brazzaville-1970\" wpoptions=\"true\" thumbtype=\"\" ><\/div><script class=\"df-shortcode-script\" nowprocket type=\"application\/javascript\">window.option_df_10350 = {\"outline\":[],\"autoEnableOutline\":\"false\",\"autoEnableThumbnail\":\"false\",\"overwritePDFOutline\":\"false\",\"direction\":\"1\",\"pageSize\":\"0\",\"source\":\"https:\\\/\\\/evebegalli.com\\\/wp-content\\\/uploads\\\/2021\\\/02\\\/135.pdf\",\"wpOptions\":\"true\"}; if(window.DFLIP && window.DFLIP.parseBooks){window.DFLIP.parseBooks();}<\/script><\/p>","protected":false},"excerpt":{"rendered":"<p>Oil on canvas, abstract animal figures signed Philippe Ouassa (1936) painted in his own workshop in Brazzaville in 1970. Philippe Ouassa is part of the first generation of painters from the school of Poto Poto founded in Brazzaville in 1951 by the painter Pierre Lods . This structure is frequented by several big names in modern Congolese painting such as Marcel Got\u00e8ne, Fran\u00e7ois Iloki, Ossiete, Nicolas Ondongo, Philippe Ouassa, Fran\u00e7ois Thango, Joseph Dimi, and Jacques Zigoma. It is characteristic to unique Congolese art both by its associative mode  and by a style of painting with bold colors used in monochrome flat layouts, with outlined contours and lack of geometric perspective.<\/p>\n<p style=\"text-align: center;\">","protected":false},"featured_media":10326,"template":"","meta":{"_exactmetrics_skip_tracking":false,"_exactmetrics_sitenote_active":false,"_exactmetrics_sitenote_note":"","_exactmetrics_sitenote_category":0,"neve_meta_sidebar":"","neve_meta_container":"","neve_meta_enable_content_width":"on","neve_meta_content_width":100,"neve_meta_title_alignment":"","neve_meta_author_avatar":"","neve_post_elements_order":"","neve_meta_disable_header":"","neve_meta_disable_footer":"","neve_meta_disable_title":"","_themeisle_gutenberg_block_has_review":false},"product_brand":[],"product_cat":[175],"product_tag":[],"class_list":{"0":"post-10318","1":"product","2":"type-product","3":"status-publish","4":"has-post-thumbnail","6":"product_cat-art-moderne","7":"pa_dimensions-80-cm-x-100-cm","8":"pa_epoque-294","9":"pa_materiaux-huile-sur-toile","10":"pa_pays-r-d-du-congo","12":"first","13":"outofstock","14":"sold-individually","15":"taxable","16":"shipping-taxable","17":"product-type-simple","18":"add-to-wishlist-before_image"},"_links":{"self":[{"href":"https:\/\/evebegalli.com\/en\/wp-json\/wp\/v2\/product\/10318","targetHints":{"allow":["GET"]}}],"collection":[{"href":"https:\/\/evebegalli.com\/en\/wp-json\/wp\/v2\/product"}],"about":[{"href":"https:\/\/evebegalli.com\/en\/wp-json\/wp\/v2\/types\/product"}],"version-history":[{"count":0,"href":"https:\/\/evebegalli.com\/en\/wp-json\/wp\/v2\/product\/10318\/revisions"}],"wp:featuredmedia":[{"embeddable":true,"href":"https:\/\/evebegalli.com\/en\/wp-json\/wp\/v2\/media\/10326"}],"wp:attachment":[{"href":"https:\/\/evebegalli.com\/en\/wp-json\/wp\/v2\/media?parent=10318"}],"wp:term":[{"taxonomy":"product_brand","embeddable":true,"href":"https:\/\/evebegalli.com\/en\/wp-json\/wp\/v2\/product_brand?post=10318"},{"taxonomy":"product_cat","embeddable":true,"href":"https:\/\/evebegalli.com\/en\/wp-json\/wp\/v2\/product_cat?post=10318"},{"taxonomy":"product_tag","embeddable":true,"href":"https:\/\/evebegalli.com\/en\/wp-json\/wp\/v2\/product_tag?post=10318"}],"curies":[{"name":"wp","href":"https:\/\/api.w.org\/{rel}","templated":true}]}}