{"id":1564,"date":"2019-11-02T11:46:14","date_gmt":"2019-11-02T11:46:14","guid":{"rendered":"https:\/\/evebegalli.com\/?page_id=1564"},"modified":"2019-11-02T11:47:21","modified_gmt":"2019-11-02T11:47:21","slug":"politique-de-confidentialite","status":"publish","type":"page","link":"https:\/\/evebegalli.com\/en\/politique-de-confidentialite\/","title":{"rendered":"Privacy Policy"},"content":{"rendered":"<h2><strong>Definitions:<\/strong><\/h2>\n<p><strong>The Publisher<\/strong> The person, physical or legal, who publishes communication services to the public online.<br \/>\n<strong>The site:<\/strong> All the sites, Internet pages and online services offered by the Publisher.<br \/>\n<strong>The User:<\/strong> The person using the Site and the services.<\/p>\n<h2><strong>Nature of data collected<\/strong><\/h2>\n<p><strong>In the context of the use of the Sites, the Publisher may collect the following categories of data<\/strong><br \/>\n<strong>concerning its Users:<\/strong><\/p>\n<p>Civil status, identity, identification data ...<br \/>\nData relating to personal life (lifestyle, family situation, excluding sensitive data or<br \/>\ndangerous)<br \/>\nConnection data (IP addresses, event logs ...)<br \/>\nLocation data (movements, GPS, GSM data, etc.)<\/p>\n<h2>Communication of personal data to third parties<\/h2>\n<h3>Communication to the authorities on the basis of legal obligations<\/h3>\n<p>Based on legal obligations, your personal data may be disclosed due to the application of a law, regulation or by decision of a competent regulatory or judicial authority. In general, we undertake to comply with all legal rules that could prevent, limit or regulate the dissemination of information or data and in particular to comply with Law No. 78-17 of 6 January 1978 relating to the IT, files and freedoms.<\/p>\n<h3><strong>Communication to third parties according to account settings<\/strong><\/h3>\n<p>Your personal data is strictly confidential and may not be disclosed to third parties, except in the case of express consent obtained through your account settings.<\/p>\n<h3>Communication to third parties for commercial solicitation for equivalent products and services<\/h3>\n<p>If you have made a purchase on our Site, we may, together with our business partners and on an occasional basis, keep you informed of our new products, news and special offers, by email, post and telephone regarding products or services similar to the products or services that were the subject of your order.<\/p>\n<h3><strong>Communication to third party partners<\/strong><\/h3>\n<p>We may make certain personal data available to strategic partners working with us, for the provision of products and services or helping us to market our products to customers.<\/p>\n<h3>Communication to third parties with restrictions linked to recipients<\/h3>\n<p>The personal data that you communicate to us when placing your order are transmitted to our suppliers and subsidiaries for the processing thereof. This information is considered by our suppliers and subsidiaries to be strictly confidential.<\/p>\n<h3>Communication to third parties for direct marketing<\/h3>\n<p>We may share information with advertising partners in order to send you promotional communications, or to show you more tailored content, including relevant advertising for products and services that may be of interest to you, and to understand how users interact with advertisements.<\/p>\n<h2><strong>Virality of the conditions for the reuse of personal data<\/strong><\/h2>\n<h3><strong>No commitment to the virality of reuse conditions<\/strong><\/h3>\n<p>If your personal data is communicated to a third party, the third party's confidentiality conditions apply.<\/p>\n<h2><strong>Prior information for the communication of personal data to third parties in<\/strong><br \/>\n<strong>the event of a merge \/ acquisition<\/strong><\/h2>\n<h3>Prior information and possibility of opt-out before and after the merge \/ acquisition<\/h3>\n<p>In the event that we take part in a merge, acquisition or any other form of transfer of assets, we are committed to guaranteeing the confidentiality of your personal data and to informing you before they are transferred. or subject to new confidentiality rules.<\/p>\n<h2><strong>Purpose of the reuse of personal data collected<\/strong><\/h2>\n<h3><strong>Carry out operations relating to concerned customer management<\/strong><\/h3>\n<p>- the contracts ; the orders ; the deliveries ; the bills ; accounting and in particular the management of customer accounts<br \/>\n- a loyalty program within an entity or several legal entities;<br \/>\n- monitoring the customer relationship such as carrying out satisfaction surveys, managing complaints and after-sales service<br \/>\n- the selection of customers to carry out studies, surveys and product tests (except with the consent of the persons concerned obtained under the conditions provided for in Article 6, these operations must not lead to the establishment of profiles likely to reveal sensitive data - racial or ethnic origins, philosophical, political, union, religious opinions, sexual life or human health)<\/p>\n<h3>Carry out operations relating to prospecting<\/h3>\n<p>- the management of technical prospecting operations (which notably includes technical operations such as standardization, enrichment and deduplication)<br \/>\n- the selection of people to carry out loyalty, prospecting, survey, product testing and promotion actions. Unless the consent of the persons concerned is obtained under the conditions provided for in Article 6, these operations must not lead to the establishment of profiles likely to reveal sensitive data (racial or ethnic origins, philosophical, political, trade union, religious opinions, etc. sexual life or human health)<br \/>\n- carrying out solicitation operations<\/p>\n<h3>Development of trade statistics<\/h3>\n<h3>Management of requests for the right of access, rectification and opposition<\/h3>\n<h3>The management of unpaid debts and litigation, provided that it does not relate to infringements and \/ or that it does not lead to the exclusion of the person from the benefit of a right, a service or a contract<\/h3>\n<h3>Managing people's opinions on products, services or content<\/h3>\n<h2><strong>Aggregation of data<\/strong><\/h2>\n<h3>Aggregation with non-personal data<\/h3>\n<p>We may publish, disclose and use aggregated information (information relating to all of our Users or to specific groups or categories of Users that we combine in such a way that an individual User can no longer be identified or mentioned) and information non-personal for industry and market analysis, demographic profiling, promotional and advertising purposes and other business purposes.<\/p>\n<h3>Aggregation with personal data available on the User's social accounts<\/h3>\n<p>If you connect your account to an account of another service in order to cross-send, that service may provide us with your profile information, connection information, and any other information that you have authorized disclosure. We may aggregate information relating to all of our other Users, groups, accounts, to personal data available to the User.<\/p>\n<h2><strong>Collection of identity data<\/strong><\/h2>\n<h3>Free consultation<\/h3>\n<p>Consulting the Site does not require registration or prior identification. It can be done without you communicating any personal data concerning you (name, first name, address, etc.). We do not record any personal data for the simple consultation of the Site.<\/p>\n<h2><strong>Collection of identification data<\/strong><\/h2>\n<h3><strong>Use of the user ID for connection proposal and commercial offers<\/strong><\/h3>\n<p>We use your electronic identifiers to search for existing relationships by connection, by email address or by service. We may use your contact information to enable others to find your account, including through third party services and client applications. You can download your address book so that we can help you find knowledge about our network or to allow other Users in our network to find you. We can provide suggestions to you and other Network Users from contacts imported from your address book. We are likely to work in partnership with companies that offer incentive offers. To support this type of promotion and incentive, we may share your electronic ID.<\/p>\n<h2><strong>Geolocation<\/strong><\/h2>\n<h3>Geolocation for the purpose of providing the service<\/h3>\n<p>We collect and process your geolocation data in order to provide you with our services. We may need to use personal data in order to determine your geographical position in real time. In accordance with your right of opposition provided for by Law No. 78-17 of January 6, 1978 relating to computers, files and freedoms, you have the option, at any time, to deactivate functions relating to geolocation.<\/p>\n<h3>G\u00e9olocalisation \u00e0 des fins de croisement<\/h3>\n<p>Nous collectons et traitons vos donn\u00e9es de g\u00e9olocalisation afin de permettre \u00e0 nos services d&rsquo;identifier les points de croisement dans le temps et dans l&rsquo;espace avec d&rsquo;autres Utilisateurs du service afin de vous pr\u00e9senter le profil des Utilisateurs crois\u00e9s. Conform\u00e9ment \u00e0 votre droit d&rsquo;opposition pr\u00e9vu par la loi n\u00b078-17 du 6 janvier<br \/>\n1978 relative \u00e0 l&rsquo;informatique, aux fichiers et aux libert\u00e9s, vous avez la possibilit\u00e9, \u00e0 tout moment, de d\u00e9sactiver les fonctions relatives \u00e0 la g\u00e9olocalisation. Vous reconnaissez alors que le service ne sera plus en mesure de vous pr\u00e9senter de profil des autres Utilisateurs.<\/p>\n<h3>Geolocation with provision of partners for referencing and aggregation (with opt-in)<\/h3>\n<p>We can collect and process your geolocation data with our partners. We are committed to anonymizing the data used. In accordance with your right of opposition provided for by Law No. 78-17 of January 6, 1978 relating to computers, files and freedoms, you have the option, at any time, to deactivate functions relating to geolocation.<\/p>\n<h2><strong>Terminal data collection<\/strong><\/h2>\n<h3>Collection of profiling data and technical data for the purpose of providing the service<\/h3>\n<p>Some of the technical data of your device is collected automatically by the Site. This information includes in particular your IP address, Internet service provider, hardware configuration, software configuration, browser type and language, etc. The collection of this data is necessary for the provision of services.<\/p>\n<h3>Collection of technical data for advertising, commercial and statistical purposes<\/h3>\n<p>The technical data of your device is automatically collected and recorded by the Site, for advertising, commercial and statistical purposes. This information helps us to personalize and continually improve your experience on our Site. We do not collect or store any nominative data (name, first name, address, etc.) possibly attached to technical data. The data collected is likely to be resold to third parties.<\/p>\n<h2><strong>Cookies<\/strong><\/h2>\n<h3>Duration of cookies<\/h3>\n<p>In accordance with the recommendations of the CNIL, the maximum retention period for cookies is a maximum of 13 months after their first deposit in the User's terminal, as is the duration of the validity of the User's consent to the use of these cookies. The lifespan of cookies is not extended on each visit. The User's consent must therefore be renewed at the end of this period.<\/p>\n<h3>Cookies purpose<\/h3>\n<p>Cookies can be used for statistical purposes, in particular to optimize the services provided to the User, from the processing of information concerning the frequency of access, the personalization of pages as well as the operations carried out and the information consulted.<br \/>\nVous \u00eates inform\u00e9 que l&rsquo;\u00c9diteur est susceptible de d\u00e9poser des cookies sur votre terminal. Le cookie enregistre des informations relatives \u00e0 la navigation sur le service (les pages que vous avez consult\u00e9es, la date et l&rsquo;heure de la consultation&#8230;) que nous pourrons lire lors de vos visites ult\u00e9rieures.<\/p>\n<h3>User right to refuse cookies, deactivation leading to degraded operation of the<br \/>\nservice<\/h3>\n<p>You acknowledge having been informed that the Publisher may use cookies, and authorize it. If you do not want cookies to be used on your terminal, most browsers allow you to disable cookies through the settings options. However, you are informed that certain services<br \/>\nmay no longer function properly.<\/p>\n<h3>Possible association of cookies with personal data to allow the operation of the<br \/>\nservice<\/h3>\n<p>The Publisher may need to collect browsing information through the use of cookies.<\/p>\n<h2><strong>Storage of technical data<\/strong><\/h2>\n<h3>Storage period of technical data<\/h3>\n<p>Les donn\u00e9es techniques sont conserv\u00e9es pour la dur\u00e9e strictement n\u00e9cessaire \u00e0 la r\u00e9alisation des finalit\u00e9s vis\u00e9es ci-avant.<\/p>\n<h2><strong>D\u00e9lai de conservation des donn\u00e9es personnelles et d&rsquo;anonymisation<\/strong><\/h2>\n<h3>Conservation des donn\u00e9es pendant la dur\u00e9e de la relation contractuelle<\/h3>\n<p>In accordance with article 6-5 \u00b0 of law n \u00b0 78-17 of January 6, 1978 relating to computers, files and freedoms, personal data being processed are not kept beyond the time necessary to fulfill the obligations defined when the contract is concluded or the predefined duration of the contractual relationship.<\/p>\n<h3>Retention of anonymized data beyond the contractual relationship \/ after deletion of<br \/>\nthe account<\/h3>\n<p>We keep personal data for the time strictly necessary to achieve the purposes described in these T &amp; Cs. Beyond this period, they will be anonymized and kept for exclusively statistical purposes and will not give rise to any exploitation of any kind.<\/p>\n<h3>Deletion of data after deletion of the account<\/h3>\n<p>Data purging means are put in place in order to provide for its effective deletion as soon as the retention or archiving period necessary for the fulfillment of the determined or imposed purposes is reached. In accordance with Law No. 78-17 of January 6, 1978 relating to computers, files and freedoms, you also have the right to delete your data which you can exercise at any time<br \/>\nmoment en prenant contact avec l&rsquo;\u00c9diteur.<\/p>\n<h3>Data deletion after 3 years of inactivity<\/h3>\n<p>For security reasons, if you have not authenticated on the Site for a period of three years, you will receive an email inviting you to connect as soon as possible, otherwise your data will be deleted from our databases. data.<\/p>\n<h2><strong>Account deletion<\/strong><\/h2>\n<h3>Account deletion on demand<\/h3>\n<p>The User has the possibility to delete his Account at any time, by simple request to the Editor OR by the Account deletion menu present in the Account settings if applicable.<\/p>\n<h3>Suppression du compte en cas de violation des CGU<\/h3>\n<p>En cas de violation d&rsquo;une ou de plusieurs dispositions des CGU ou de tout autre document incorpor\u00e9 aux pr\u00e9sentes par r\u00e9f\u00e9rence, l&rsquo;\u00c9diteur se r\u00e9serve le droit de mettre fin ou restreindre sans aucun avertissement pr\u00e9alable et \u00e0 sa seule discr\u00e9tion, votre usage et acc\u00e8s aux services, \u00e0 votre compte et \u00e0 tous les Sites.<\/p>\n<h2><strong>Indications in the event of a security breach detected by the Publisher<\/strong><\/h2>\n<h3>Information to the User in the event of a security breach<\/h3>\n<p>We undertake to implement all the appropriate technical and organizational measures to guarantee an appropriate level of security with regard to the risks of accidental, unauthorized or illegal access, disclosure, alteration, loss or even destruction of personal data concerning you.<br \/>\nIn the event that we become aware of illegal access to your personal data stored on our servers or those of our service providers, or of an unauthorized access resulting in the realization of the risks identified above, we undertake at :<br \/>\n\u2022 Notify you of the incident as soon as possible;<br \/>\n\u2022 Examine the causes of the incident and inform you;<br \/>\nTake the necessary measures within reason to reduce the negative effects and damages that may result from said incident<\/p>\n<h3>Limitation of liability<\/h3>\n<p>Under no circumstances can the commitments defined in the above point relating to the notification in the event of a security breach be assimilated to any acknowledgment of fault or responsibility for the occurrence of the incident in question.<\/p>\n<h2><strong>Transfer of personal data abroad<\/strong><\/h2>\n<h3>Transfer of data to countries with an equivalent level of protection<\/h3>\n<p>The Publisher undertakes to comply with the applicable regulations relating to data transfers to foreign countries and in particular according to the following terms:<br \/>\nThe Publisher transfers the personal data of its Users to countries recognized as offering an equivalent level of protection.<br \/>\nThe Publisher transfers the personal data of its Users outside of countries recognized by the CNIL as having a sufficient level of protection: The Publisher has obtained authorization from the CNIL to proceed with this transfer.<\/p>\n<p>To know the list of these countries: <a href=\"https:\/\/www.cnil.fr\/fr\/la-protection-des-donnees-dans-le-monde\" target=\"_blank\" rel=\"noopener\">CNIL \u2013 La protection des donn\u00e9es dans le monde<\/a><\/p>\n<h2><strong>Modification of the T &amp; Cs and the privacy policy<\/strong><\/h2>\n<p><strong>In the event of modification of these T &amp; Cs, commitment not to lower the level of confidentiality of <\/strong><strong>substantially without prior information to the persons concerned<\/strong><br \/>\nWe undertake to inform you in the event of a substantial modification of these T &amp; Cs, and not to lower the level of confidentiality of your data substantially without informing you and obtaining your consent.<\/p>\n<h2><strong>Applicable law and methods<\/strong><\/h2>\n<h3>Arbitration clause<\/h3>\n<p>You expressly agree that any dispute that may arise as a result of these T &amp; Cs, in particular its interpretation or execution, will come under an arbitration procedure subject to the rules of the arbitration platform chosen by mutual agreement, to which you adhere without reservation.<\/p>\n<h2><strong>Data portability<\/strong><\/h2>\n<h3>Data portability<\/h3>\n<p>The Publisher undertakes to offer you the possibility of having all of the data concerning you returned to you on request. The User is thus guaranteed better control of his data, and retains the possibility of reusing it. These data should be provided in an open and easily reusable format.<\/p>\n<p><em>Updated on 10\/31\/2019<\/em><\/p>","protected":false},"excerpt":{"rendered":"<p>D\u00e9finitions : L&rsquo;\u00c9diteur : La personne, physique ou morale, qui \u00e9dite les services de communication au public en ligne. Le Site : L&rsquo;ensemble des sites, pages Internet et services en ligne propos\u00e9s par l&rsquo;\u00c9diteur. L&rsquo;Utilisateur : La personne utilisant le Site et les services. Nature des donn\u00e9es collect\u00e9es Dans le cadre de l&rsquo;utilisation des Sites,&hellip;&nbsp;<a href=\"https:\/\/evebegalli.com\/en\/politique-de-confidentialite\/\" rel=\"bookmark\">Read More &raquo;<span class=\"screen-reader-text\">Privacy Policy<\/span><\/a><\/p>","protected":false},"author":1,"featured_media":0,"parent":0,"menu_order":0,"comment_status":"closed","ping_status":"closed","template":"","meta":{"_exactmetrics_skip_tracking":false,"_exactmetrics_sitenote_active":false,"_exactmetrics_sitenote_note":"","_exactmetrics_sitenote_category":0,"neve_meta_sidebar":"full-width","neve_meta_container":"default","neve_meta_enable_content_width":"on","neve_meta_content_width":100,"neve_meta_title_alignment":"","neve_meta_author_avatar":"","neve_post_elements_order":"","neve_meta_disable_header":"off","neve_meta_disable_footer":"off","neve_meta_disable_title":"off","_themeisle_gutenberg_block_has_review":false,"footnotes":""},"class_list":["post-1564","page","type-page","status-publish","hentry"],"_links":{"self":[{"href":"https:\/\/evebegalli.com\/en\/wp-json\/wp\/v2\/pages\/1564","targetHints":{"allow":["GET"]}}],"collection":[{"href":"https:\/\/evebegalli.com\/en\/wp-json\/wp\/v2\/pages"}],"about":[{"href":"https:\/\/evebegalli.com\/en\/wp-json\/wp\/v2\/types\/page"}],"author":[{"embeddable":true,"href":"https:\/\/evebegalli.com\/en\/wp-json\/wp\/v2\/users\/1"}],"replies":[{"embeddable":true,"href":"https:\/\/evebegalli.com\/en\/wp-json\/wp\/v2\/comments?post=1564"}],"version-history":[{"count":0,"href":"https:\/\/evebegalli.com\/en\/wp-json\/wp\/v2\/pages\/1564\/revisions"}],"wp:attachment":[{"href":"https:\/\/evebegalli.com\/en\/wp-json\/wp\/v2\/media?parent=1564"}],"curies":[{"name":"wp","href":"https:\/\/api.w.org\/{rel}","templated":true}]}}